{"id":1789,"date":"2019-01-20T08:44:41","date_gmt":"2019-01-20T08:44:41","guid":{"rendered":"http:\/\/ctivmexico.org\/?page_id=1789"},"modified":"2020-05-08T23:19:58","modified_gmt":"2020-05-08T23:19:58","slug":"noticias","status":"publish","type":"page","link":"https:\/\/habitatnicaragua.org\/en\/noticias\/","title":{"rendered":"News"},"content":{"rendered":"<style type='text\/css' media='all'>#rt-tpg-container-3232708188 .rt-holder .rt-woo-info .price{color:#0367bf;}body .rt-tpg-container .rt-tpg-isotope-buttons .selected,\n\t\t\t\t\t#rt-tpg-container-3232708188 .layout12 .rt-holder:hover .rt-detail,\n\t\t\t\t\t#rt-tpg-container-3232708188 .isotope8 .rt-holder:hover .rt-detail,\n\t\t\t\t\t#rt-tpg-container-3232708188 .carousel8 .rt-holder:hover .rt-detail,\n\t\t\t\t\t#rt-tpg-container-3232708188 .layout13 .rt-holder .overlay .post-info,\n\t\t\t\t\t#rt-tpg-container-3232708188 .isotope9 .rt-holder .overlay .post-info,\n\t\t\t\t\t#rt-tpg-container-3232708188.rt-tpg-container .layout4 .rt-holder .rt-detail,\n\t\t\t\t\t.rt-modal-3232708188 .md-content,\n\t\t\t\t\t.rt-modal-3232708188 .md-content > .rt-md-content-holder .rt-md-content,\n\t\t\t\t\t.rt-popup-wrap-3232708188.rt-popup-wrap .rt-popup-navigation-wrap,\n\t\t\t\t\t#rt-tpg-container-3232708188 .carousel9 .rt-holder .overlay .post-info{background-color:#0367bf;}#rt-tpg-container-3232708188 .layout5 .rt-holder .overlay, #rt-tpg-container-3232708188 .isotope2 .rt-holder .overlay, #rt-tpg-container-3232708188 .carousel2 .rt-holder .overlay,#rt-tpg-container-3232708188 .layout15 .rt-holder h3, #rt-tpg-container-3232708188 .isotope11 .rt-holder h3, #rt-tpg-container-3232708188 .carousel11 .rt-holder h3, #rt-tpg-container-3232708188 .layout16 .rt-holder h3,\n\t\t\t\t\t#rt-tpg-container-3232708188 .isotope12 .rt-holder h3, #rt-tpg-container-3232708188 .carousel12 .rt-holder h3 {background-color:rgba(3,103,191,0.8);}#rt-tpg-container-3232708188 .read-more a{border-radius:px;}#rt-tpg-container-3232708188 .rt-img-holder img.rt-img-responsive,#rt-tpg-container-3232708188 .rt-img-holder,\n\t\t\t\t\t#rt-tpg-container-3232708188 .rt-post-overlay .post-img,\n\t\t\t\t\t#rt-tpg-container-3232708188 .post-sm .post-img,\n\t\t\t\t\t#rt-tpg-container-3232708188 .rt-post-grid .post-img,\n\t\t\t\t\t#rt-tpg-container-3232708188 .post-img img {border-radius:px;}<\/style><div class='rt-container-fluid rt-tpg-container tpg-shortcode-main-wrapper ' id='rt-tpg-container-3232708188'   data-layout='layout1' data-grid-style='even' data-desktop-col='3'  data-tab-col='2'  data-mobile-col='1' data-sc-id='1969'><div data-title='Loading ...' class='rt-row rt-content-loader   layout1 tpg-even '><div class=\"rt-col-md-4 rt-col-sm-6 rt-col-xs-12 even-grid-item rt-grid-item\" data-id=\"16706\"><div class=\"rt-holder\"><div class=\"rt-img-holder\"><a data-id=\"16706\" class=\"\" href=\"https:\/\/habitatnicaragua.org\/en\/impacto-positivo-de-100-mil-pisos-para-jugar\/\"><img loading=\"lazy\" decoding=\"async\" width=\"540\" height=\"330\" src=\"https:\/\/habitatnicaragua.org\/wp-content\/uploads\/2025\/04\/Captura-de-pantalla-2025-04-24-183225-540x330.png\" class=\"rt-img-responsive \" alt=\"\" \/><\/a><\/div><div class='rt-detail'><h3 class=\"entry-title\"><a data-id=\"16706\" class=\"\" href=\"https:\/\/habitatnicaragua.org\/en\/impacto-positivo-de-100-mil-pisos-para-jugar\/\">(Espa\u00f1ol) Impacto positivo de 100 mil pisos para jugar Nicaragua<\/a><\/h3><div class='tpg-excerpt'>Sorry, this entry is only available in Espa\u00f1ol...<\/div><\/div><\/div><\/div><div class=\"rt-col-md-4 rt-col-sm-6 rt-col-xs-12 even-grid-item rt-grid-item\" data-id=\"16623\"><div class=\"rt-holder\"><div class=\"rt-img-holder\"><a data-id=\"16623\" class=\"\" href=\"https:\/\/habitatnicaragua.org\/en\/boletin-octubre-diciembre-2024\/\"><img loading=\"lazy\" decoding=\"async\" width=\"540\" height=\"330\" src=\"https:\/\/habitatnicaragua.org\/wp-content\/uploads\/2025\/02\/PAGINA2-540x330.jpg\" class=\"rt-img-responsive \" alt=\"\" \/><\/a><\/div><div class='rt-detail'><h3 class=\"entry-title\"><a data-id=\"16623\" class=\"\" href=\"https:\/\/habitatnicaragua.org\/en\/boletin-octubre-diciembre-2024\/\">Newsletter October-December 2024<\/a><\/h3><div class='tpg-excerpt'>The last quarter of 2024 was filled with work and many emotions for H\u00e1bitat Nicaragua. After quite a long pause, we resumed volunteering with our...<\/div><\/div><\/div><\/div><div class=\"rt-col-md-4 rt-col-sm-6 rt-col-xs-12 even-grid-item rt-grid-item\" data-id=\"16689\"><div class=\"rt-holder\"><div class=\"rt-img-holder\"><a data-id=\"16689\" class=\"\" href=\"https:\/\/habitatnicaragua.org\/en\/habitat-para-la-humanidad-lamenta-el-deceso-del-expresidente-de-los-estados-unidos-jimmy-carter\/\"><img loading=\"lazy\" decoding=\"async\" width=\"540\" height=\"330\" src=\"https:\/\/habitatnicaragua.org\/wp-content\/uploads\/2025\/01\/JCWP-13-24810-EM-crop-e1745769172786-540x330.webp\" class=\"rt-img-responsive \" alt=\"\" \/><\/a><\/div><div class='rt-detail'><h3 class=\"entry-title\"><a data-id=\"16689\" class=\"\" href=\"https:\/\/habitatnicaragua.org\/en\/habitat-para-la-humanidad-lamenta-el-deceso-del-expresidente-de-los-estados-unidos-jimmy-carter\/\">Habitat for Humanity mourns the death of former U.S. President Jimmy Carter<\/a><\/h3><div class='tpg-excerpt'>Managua\u00a0(Dec. 29, 2024)\u00a0\u2014\u00a0Habitat for Humanity joins the world in mourning the death of former U.S. President Jimmy Carter. A champion\u00a0for affordable...<\/div><\/div><\/div><\/div><div class=\"rt-col-md-4 rt-col-sm-6 rt-col-xs-12 even-grid-item rt-grid-item\" data-id=\"16672\"><div class=\"rt-holder\"><div class=\"rt-img-holder\"><a data-id=\"16672\" class=\"\" href=\"https:\/\/habitatnicaragua.org\/en\/two-pager-100000-floors-to-play-on\/\"><img loading=\"lazy\" decoding=\"async\" width=\"540\" height=\"330\" src=\"https:\/\/habitatnicaragua.org\/wp-content\/uploads\/2024\/12\/Untitled-design-1-540x330.png\" class=\"rt-img-responsive \" alt=\"\" \/><\/a><\/div><div class='rt-detail'><h3 class=\"entry-title\"><a data-id=\"16672\" class=\"\" href=\"https:\/\/habitatnicaragua.org\/en\/two-pager-100000-floors-to-play-on\/\">Two pager 100,000 Floors to Play On<\/a><\/h3><div class='tpg-excerpt'>Download by clicking here, Two pager 300 floors to Play On...<\/div><\/div><\/div><\/div><div class=\"rt-col-md-4 rt-col-sm-6 rt-col-xs-12 even-grid-item rt-grid-item\" data-id=\"16646\"><div class=\"rt-holder\"><div class=\"rt-img-holder\"><a data-id=\"16646\" class=\"\" href=\"https:\/\/habitatnicaragua.org\/en\/habitat-nicaragua-conmemora-sus-40-anos-de-labor-por-la-causa-de-la-vivienda-digna\/\"><img loading=\"lazy\" decoding=\"async\" width=\"540\" height=\"330\" src=\"https:\/\/habitatnicaragua.org\/wp-content\/uploads\/2024\/10\/Boletin-Septiembre-2024_page-0001-e1729888916187-540x330.jpg\" class=\"rt-img-responsive \" alt=\"\" \/><\/a><\/div><div class='rt-detail'><h3 class=\"entry-title\"><a data-id=\"16646\" class=\"\" href=\"https:\/\/habitatnicaragua.org\/en\/habitat-nicaragua-conmemora-sus-40-anos-de-labor-por-la-causa-de-la-vivienda-digna\/\">Habitat Nicaragua commemorates its 40 years of work for the cause of dignified housing<\/a><\/h3><div class='tpg-excerpt'>******Partners, local allies, municipal authorities, and collaborators gathered to celebrate the achievements made over these four decades. In a...<\/div><\/div><\/div><\/div><div class=\"rt-col-md-4 rt-col-sm-6 rt-col-xs-12 even-grid-item rt-grid-item\" data-id=\"16695\"><div class=\"rt-holder\"><div class=\"rt-img-holder\"><a data-id=\"16695\" class=\"\" href=\"https:\/\/habitatnicaragua.org\/en\/newsletter-sept-2024-2\/\"><img loading=\"lazy\" decoding=\"async\" width=\"540\" height=\"330\" src=\"https:\/\/habitatnicaragua.org\/wp-content\/uploads\/2016\/07\/ni-g-12-540x330.jpg\" class=\"rt-img-responsive \" alt=\"\" \/><\/a><\/div><div class='rt-detail'><h3 class=\"entry-title\"><a data-id=\"16695\" class=\"\" href=\"https:\/\/habitatnicaragua.org\/en\/newsletter-sept-2024-2\/\">Newsletter July-September 2024<\/a><\/h3><div class='tpg-excerpt'>Habitat for Humanity began its work in 1976 as a Christian movement in southern Georgia, USA. Three years later, it took its first steps in Latin...<\/div><\/div><\/div><\/div><div class=\"rt-col-md-4 rt-col-sm-6 rt-col-xs-12 even-grid-item rt-grid-item\" data-id=\"16600\"><div class=\"rt-holder\"><div class=\"rt-img-holder\"><a data-id=\"16600\" class=\"\" href=\"https:\/\/habitatnicaragua.org\/en\/familias-cuentan-su-historia\/\"><img loading=\"lazy\" decoding=\"async\" width=\"540\" height=\"330\" src=\"https:\/\/habitatnicaragua.org\/wp-content\/uploads\/2024\/01\/Familias-cuentan-su-historia-540x330.jpg\" class=\"rt-img-responsive \" alt=\"Familias cuentan su historia\" \/><\/a><\/div><div class='rt-detail'><h3 class=\"entry-title\"><a data-id=\"16600\" class=\"\" href=\"https:\/\/habitatnicaragua.org\/en\/familias-cuentan-su-historia\/\">Families tell their story<\/a><\/h3><div class='tpg-excerpt'>&#8220;It was here that I knew the houses project because they were visiting a neigbor and asked if I could apply and by the grace of God, my family...<\/div><\/div><\/div><\/div><div class=\"rt-col-md-4 rt-col-sm-6 rt-col-xs-12 even-grid-item rt-grid-item\" data-id=\"16598\"><div class=\"rt-holder\"><div class=\"rt-img-holder\"><a data-id=\"16598\" class=\"\" href=\"https:\/\/habitatnicaragua.org\/en\/100-mil-pisos-para-jugar-nicaragua\/\"><img loading=\"lazy\" decoding=\"async\" width=\"540\" height=\"330\" src=\"https:\/\/habitatnicaragua.org\/wp-content\/uploads\/2024\/01\/100-mil-pisos-para-Jugar-Nicaragua-540x330.jpg\" class=\"rt-img-responsive \" alt=\"\" \/><\/a><\/div><div class='rt-detail'><h3 class=\"entry-title\"><a data-id=\"16598\" class=\"\" href=\"https:\/\/habitatnicaragua.org\/en\/100-mil-pisos-para-jugar-nicaragua\/\">100,000 floors to play on<\/a><\/h3><div class='tpg-excerpt'>&#8220;This has been an incredible change, a joy for the family because here the water from the street got in, we practically lived in the mud and now...<\/div><\/div><\/div><\/div><div class=\"rt-col-md-4 rt-col-sm-6 rt-col-xs-12 even-grid-item rt-grid-item\" data-id=\"16573\"><div class=\"rt-holder\"><div class=\"rt-img-holder\"><a data-id=\"16573\" class=\"\" href=\"https:\/\/habitatnicaragua.org\/en\/honoringmrscarter\/\"><img loading=\"lazy\" decoding=\"async\" width=\"540\" height=\"330\" src=\"https:\/\/habitatnicaragua.org\/wp-content\/uploads\/2023\/11\/MicrosoftTeams-image-3-540x330.jpg\" class=\"rt-img-responsive \" alt=\"Honoring Mrs Carter\" \/><\/a><\/div><div class='rt-detail'><h3 class=\"entry-title\"><a data-id=\"16573\" class=\"\" href=\"https:\/\/habitatnicaragua.org\/en\/honoringmrscarter\/\">Honoring Mrs. Carter<\/a><\/h3><div class='tpg-excerpt'>Habitat for Humanity mourns the death of former first lady Rosalynn Carter ATLANTA (Nov. 19, 2023) \u2013 Habitat for Humanity is deeply saddened by the...<\/div><\/div><\/div><\/div><div class=\"rt-col-md-4 rt-col-sm-6 rt-col-xs-12 even-grid-item rt-grid-item\" data-id=\"16568\"><div class=\"rt-holder\"><div class=\"rt-img-holder\"><a data-id=\"16568\" class=\"\" href=\"https:\/\/habitatnicaragua.org\/en\/cumplimiento-del-marco-de-sendai\/\"><img loading=\"lazy\" decoding=\"async\" width=\"540\" height=\"330\" src=\"https:\/\/habitatnicaragua.org\/wp-content\/uploads\/2023\/10\/habitat-nicaragua-540x330.jpg\" class=\"rt-img-responsive \" alt=\"H\u00e1bitat para la Humanidad Nicaragua y su contribuci\u00f3n al cumplimiento del marco de Sendai\" \/><\/a><\/div><div class='rt-detail'><h3 class=\"entry-title\"><a data-id=\"16568\" class=\"\" href=\"https:\/\/habitatnicaragua.org\/en\/cumplimiento-del-marco-de-sendai\/\">(Espa\u00f1ol) Cumplimiento del marco de Sendai<\/a><\/h3><div class='tpg-excerpt'>Sorry, this entry is only available in Espa\u00f1ol...<\/div><\/div><\/div><\/div><div class=\"rt-col-md-4 rt-col-sm-6 rt-col-xs-12 even-grid-item rt-grid-item\" data-id=\"16552\"><div class=\"rt-holder\"><div class=\"rt-img-holder\"><a data-id=\"16552\" class=\"\" href=\"https:\/\/habitatnicaragua.org\/en\/betty-y-su-hija-migrante\/\"><img loading=\"lazy\" decoding=\"async\" width=\"540\" height=\"330\" src=\"https:\/\/habitatnicaragua.org\/wp-content\/uploads\/2023\/09\/betty-y-su-hija-migrante-540x330.jpg\" class=\"rt-img-responsive \" alt=\"\" \/><\/a><\/div><div class='rt-detail'><h3 class=\"entry-title\"><a data-id=\"16552\" class=\"\" href=\"https:\/\/habitatnicaragua.org\/en\/betty-y-su-hija-migrante\/\">(Espa\u00f1ol) Betty y su hija migrante<\/a><\/h3><div class='tpg-excerpt'>Sorry, this entry is only available in Espa\u00f1ol...<\/div><\/div><\/div><\/div><div class=\"rt-col-md-4 rt-col-sm-6 rt-col-xs-12 even-grid-item rt-grid-item\" data-id=\"16511\"><div class=\"rt-holder\"><div class=\"rt-img-holder\"><a data-id=\"16511\" class=\"\" href=\"https:\/\/habitatnicaragua.org\/en\/newsletter-ene-mar-2023\/\"><img loading=\"lazy\" decoding=\"async\" width=\"540\" height=\"330\" src=\"https:\/\/habitatnicaragua.org\/wp-content\/uploads\/2023\/04\/Boletin-enero-marzo2023-540x330.jpg\" class=\"rt-img-responsive \" alt=\"(Espa\u00f1ol) Bolet\u00edn Enero-Marzo 2023\" \/><\/a><\/div><div class='rt-detail'><h3 class=\"entry-title\"><a data-id=\"16511\" class=\"\" href=\"https:\/\/habitatnicaragua.org\/en\/newsletter-ene-mar-2023\/\">Newsletter January-March 2023<\/a><\/h3><div class='tpg-excerpt'>This quarter leaves us very satisfied and we are sure that the coming months will also bring excellent results and wonderful news, especially for...<\/div><\/div><\/div><\/div><\/div><div class='rt-pagination-wrap' data-total-pages='11' data-posts-per-page='12' data-type='pagination'  ><div class=\"rt-pagination\" ><ul class=\"pagination-list\"><li class=\"active\"><span>1<\/span><\/li><li><a data-paged='2' href='https:\/\/habitatnicaragua.org\/en\/wp-json\/wp\/v2\/pages\/1789\/page\/2\/'>2<\/a><\/li><li><a data-paged='3' href='https:\/\/habitatnicaragua.org\/en\/wp-json\/wp\/v2\/pages\/1789\/page\/3\/'>3<\/a><\/li><li><a data-paged='4' href='https:\/\/habitatnicaragua.org\/en\/wp-json\/wp\/v2\/pages\/1789\/page\/4\/'>4<\/a><\/li><li><a data-paged='5' href='https:\/\/habitatnicaragua.org\/en\/wp-json\/wp\/v2\/pages\/1789\/page\/5\/'>5<\/a><\/li><li><a data-paged='2' href=\"https:\/\/habitatnicaragua.org\/en\/wp-json\/wp\/v2\/pages\/1789\/page\/2\/\"  aria-label='Next'>&rsaquo;<\/a><\/li><li><a data-paged='11' href='https:\/\/habitatnicaragua.org\/en\/wp-json\/wp\/v2\/pages\/1789\/page\/11\/' aria-label='Last'>&raquo;<\/a><\/li><\/ul><\/div><\/div><\/div>\n","protected":false},"excerpt":{"rendered":"","protected":false},"author":2,"featured_media":13822,"parent":0,"menu_order":0,"comment_status":"closed","ping_status":"closed","template":"","meta":{"_acf_changed":false,"_exactmetrics_skip_tracking":false,"_exactmetrics_sitenote_active":false,"_exactmetrics_sitenote_note":"","_exactmetrics_sitenote_category":0,"footnotes":""},"class_list":["post-1789","page","type-page","status-publish","has-post-thumbnail","hentry"],"acf":[],"yoast_head":"<!-- This site is optimized with the Yoast SEO plugin v26.6 - https:\/\/yoast.com\/wordpress\/plugins\/seo\/ -->\n<title>H\u00e1bitat para la Humanidad Nicaragua<\/title>\n<meta name=\"description\" content=\"H\u00e1bitat para la Humanidad Nicaragua es una organizaci\u00f3n sin fines de lucro, que aboga y trabaja por el derecho a la vivienda digna y a la mejora sostenible del h\u00e1bitat comunitario\" \/>\n<meta name=\"robots\" content=\"noindex, follow, max-snippet:-1, max-image-preview:large, max-video-preview:-1\" \/>\n<meta property=\"og:locale\" content=\"en_US\" \/>\n<meta property=\"og:type\" content=\"article\" \/>\n<meta property=\"og:title\" content=\"H\u00e1bitat para la Humanidad Nicaragua\" \/>\n<meta property=\"og:description\" content=\"H\u00e1bitat para la Humanidad Nicaragua es una organizaci\u00f3n sin fines de lucro, que aboga y trabaja por el derecho a la vivienda digna y a la mejora sostenible del h\u00e1bitat comunitario\" \/>\n<meta property=\"og:url\" content=\"https:\/\/habitatnicaragua.org\/en\/noticias\/\" \/>\n<meta property=\"og:site_name\" content=\"H\u00e1bitat para la Humanidad Nicaragua\" \/>\n<meta property=\"article:modified_time\" content=\"2020-05-08T23:19:58+00:00\" \/>\n<meta property=\"og:image\" content=\"http:\/\/habitatnicaragua.org\/wp-content\/uploads\/2020\/05\/NOTICIAWEB-1-1024x358.gif\" \/>\n\t<meta property=\"og:image:width\" content=\"1024\" \/>\n\t<meta property=\"og:image:height\" content=\"358\" \/>\n\t<meta property=\"og:image:type\" content=\"image\/gif\" \/>\n<meta name=\"twitter:card\" content=\"summary_large_image\" \/>\n<script type=\"application\/ld+json\" class=\"yoast-schema-graph\">{\"@context\":\"https:\/\/schema.org\",\"@graph\":[{\"@type\":\"WebPage\",\"@id\":\"https:\/\/habitatnicaragua.org\/en\/noticias\/\",\"url\":\"https:\/\/habitatnicaragua.org\/en\/noticias\/\",\"name\":\"H\u00e1bitat para la Humanidad Nicaragua\",\"isPartOf\":{\"@id\":\"https:\/\/habitatnicaragua.org\/en\/#website\"},\"primaryImageOfPage\":{\"@id\":\"https:\/\/habitatnicaragua.org\/en\/noticias\/#primaryimage\"},\"image\":{\"@id\":\"https:\/\/habitatnicaragua.org\/noticias\/#primaryimage\"},\"thumbnailUrl\":\"https:\/\/habitatnicaragua.org\/wp-content\/uploads\/2020\/05\/NOTICIAWEB-1.gif\",\"datePublished\":\"2019-01-20T08:44:41+00:00\",\"dateModified\":\"2020-05-08T23:19:58+00:00\",\"description\":\"H\u00e1bitat para la Humanidad Nicaragua es una organizaci\u00f3n sin fines de lucro, que aboga y trabaja por el derecho a la vivienda digna y a la mejora sostenible del h\u00e1bitat comunitario\",\"breadcrumb\":{\"@id\":\"https:\/\/habitatnicaragua.org\/en\/noticias\/#breadcrumb\"},\"inLanguage\":\"en-US\",\"potentialAction\":[{\"@type\":\"ReadAction\",\"target\":[[\"https:\/\/habitatnicaragua.org\/en\/noticias\/\"]]}]},{\"@type\":\"ImageObject\",\"inLanguage\":\"en-US\",\"@id\":\"https:\/\/habitatnicaragua.org\/en\/noticias\/#primaryimage\",\"url\":\"https:\/\/habitatnicaragua.org\/wp-content\/uploads\/2020\/05\/NOTICIAWEB-1.gif\",\"contentUrl\":\"https:\/\/habitatnicaragua.org\/wp-content\/uploads\/2020\/05\/NOTICIAWEB-1.gif\",\"width\":1920,\"height\":672},{\"@type\":\"BreadcrumbList\",\"@id\":\"https:\/\/habitatnicaragua.org\/en\/noticias\/#breadcrumb\",\"itemListElement\":[{\"@type\":\"ListItem\",\"position\":1,\"name\":\"Portada\",\"item\":\"https:\/\/habitatnicaragua.org\/en\/\"},{\"@type\":\"ListItem\",\"position\":2,\"name\":\"Noticias\"}]},{\"@type\":\"WebSite\",\"@id\":\"https:\/\/habitatnicaragua.org\/en\/#website\",\"url\":\"https:\/\/habitatnicaragua.org\/en\/\",\"name\":\"H\u00e1bitat para la Humanidad Nicaragua\",\"description\":\"\",\"publisher\":{\"@id\":\"https:\/\/habitatnicaragua.org\/en\/#organization\"},\"potentialAction\":[{\"@type\":\"SearchAction\",\"target\":{\"@type\":\"EntryPoint\",\"urlTemplate\":\"https:\/\/habitatnicaragua.org\/en\/?s={search_term_string}\"},\"query-input\":{\"@type\":\"PropertyValueSpecification\",\"valueRequired\":true,\"valueName\":\"search_term_string\"}}],\"inLanguage\":\"en-US\"},{\"@type\":\"Organization\",\"@id\":\"https:\/\/habitatnicaragua.org\/en\/#organization\",\"name\":\"H\u00e1bitat para la Humanidad Nicaragua\",\"url\":\"https:\/\/habitatnicaragua.org\/en\/\",\"logo\":{\"@type\":\"ImageObject\",\"inLanguage\":\"en-US\",\"@id\":\"https:\/\/habitatnicaragua.org\/en\/#\/schema\/logo\/image\/\",\"url\":\"https:\/\/habitatnicaragua.org\/wp-content\/uploads\/2016\/07\/photo_large.jpg\",\"contentUrl\":\"https:\/\/habitatnicaragua.org\/wp-content\/uploads\/2016\/07\/photo_large.jpg\",\"width\":160,\"height\":160,\"caption\":\"H\u00e1bitat para la Humanidad Nicaragua\"},\"image\":{\"@id\":\"https:\/\/habitatnicaragua.org\/en\/#\/schema\/logo\/image\/\"}}]}<\/script>\n<!-- \/ Yoast SEO plugin. -->","yoast_head_json":{"title":"H\u00e1bitat para la Humanidad Nicaragua","description":"H\u00e1bitat para la Humanidad Nicaragua es una organizaci\u00f3n sin fines de lucro, que aboga y trabaja por el derecho a la vivienda digna y a la mejora sostenible del h\u00e1bitat comunitario","robots":{"index":"noindex","follow":"follow","max-snippet":"max-snippet:-1","max-image-preview":"max-image-preview:large","max-video-preview":"max-video-preview:-1"},"og_locale":"en_US","og_type":"article","og_title":"H\u00e1bitat para la Humanidad Nicaragua","og_description":"H\u00e1bitat para la Humanidad Nicaragua es una organizaci\u00f3n sin fines de lucro, que aboga y trabaja por el derecho a la vivienda digna y a la mejora sostenible del h\u00e1bitat comunitario","og_url":"https:\/\/habitatnicaragua.org\/en\/noticias\/","og_site_name":"H\u00e1bitat para la Humanidad Nicaragua","article_modified_time":"2020-05-08T23:19:58+00:00","og_image":[{"width":1024,"height":358,"url":"http:\/\/habitatnicaragua.org\/wp-content\/uploads\/2020\/05\/NOTICIAWEB-1-1024x358.gif","type":"image\/gif"}],"twitter_card":"summary_large_image","schema":{"@context":"https:\/\/schema.org","@graph":[{"@type":"WebPage","@id":"https:\/\/habitatnicaragua.org\/en\/noticias\/","url":"https:\/\/habitatnicaragua.org\/en\/noticias\/","name":"H\u00e1bitat para la Humanidad Nicaragua","isPartOf":{"@id":"https:\/\/habitatnicaragua.org\/en\/#website"},"primaryImageOfPage":{"@id":"https:\/\/habitatnicaragua.org\/en\/noticias\/#primaryimage"},"image":{"@id":"https:\/\/habitatnicaragua.org\/noticias\/#primaryimage"},"thumbnailUrl":"https:\/\/habitatnicaragua.org\/wp-content\/uploads\/2020\/05\/NOTICIAWEB-1.gif","datePublished":"2019-01-20T08:44:41+00:00","dateModified":"2020-05-08T23:19:58+00:00","description":"H\u00e1bitat para la Humanidad Nicaragua es una organizaci\u00f3n sin fines de lucro, que aboga y trabaja por el derecho a la vivienda digna y a la mejora sostenible del h\u00e1bitat comunitario","breadcrumb":{"@id":"https:\/\/habitatnicaragua.org\/en\/noticias\/#breadcrumb"},"inLanguage":"en-US","potentialAction":[{"@type":"ReadAction","target":[["https:\/\/habitatnicaragua.org\/en\/noticias\/"]]}]},{"@type":"ImageObject","inLanguage":"en-US","@id":"https:\/\/habitatnicaragua.org\/en\/noticias\/#primaryimage","url":"https:\/\/habitatnicaragua.org\/wp-content\/uploads\/2020\/05\/NOTICIAWEB-1.gif","contentUrl":"https:\/\/habitatnicaragua.org\/wp-content\/uploads\/2020\/05\/NOTICIAWEB-1.gif","width":1920,"height":672},{"@type":"BreadcrumbList","@id":"https:\/\/habitatnicaragua.org\/en\/noticias\/#breadcrumb","itemListElement":[{"@type":"ListItem","position":1,"name":"Portada","item":"https:\/\/habitatnicaragua.org\/en\/"},{"@type":"ListItem","position":2,"name":"Noticias"}]},{"@type":"WebSite","@id":"https:\/\/habitatnicaragua.org\/en\/#website","url":"https:\/\/habitatnicaragua.org\/en\/","name":"H\u00e1bitat para la Humanidad Nicaragua","description":"","publisher":{"@id":"https:\/\/habitatnicaragua.org\/en\/#organization"},"potentialAction":[{"@type":"SearchAction","target":{"@type":"EntryPoint","urlTemplate":"https:\/\/habitatnicaragua.org\/en\/?s={search_term_string}"},"query-input":{"@type":"PropertyValueSpecification","valueRequired":true,"valueName":"search_term_string"}}],"inLanguage":"en-US"},{"@type":"Organization","@id":"https:\/\/habitatnicaragua.org\/en\/#organization","name":"H\u00e1bitat para la Humanidad Nicaragua","url":"https:\/\/habitatnicaragua.org\/en\/","logo":{"@type":"ImageObject","inLanguage":"en-US","@id":"https:\/\/habitatnicaragua.org\/en\/#\/schema\/logo\/image\/","url":"https:\/\/habitatnicaragua.org\/wp-content\/uploads\/2016\/07\/photo_large.jpg","contentUrl":"https:\/\/habitatnicaragua.org\/wp-content\/uploads\/2016\/07\/photo_large.jpg","width":160,"height":160,"caption":"H\u00e1bitat para la Humanidad Nicaragua"},"image":{"@id":"https:\/\/habitatnicaragua.org\/en\/#\/schema\/logo\/image\/"}}]}},"rttpg_featured_image_url":{"full":["https:\/\/habitatnicaragua.org\/wp-content\/uploads\/2020\/05\/NOTICIAWEB-1.gif",1920,672,false],"landscape":["https:\/\/habitatnicaragua.org\/wp-content\/uploads\/2020\/05\/NOTICIAWEB-1.gif",1920,672,false],"portraits":["https:\/\/habitatnicaragua.org\/wp-content\/uploads\/2020\/05\/NOTICIAWEB-1.gif",1920,672,false],"thumbnail":["https:\/\/habitatnicaragua.org\/wp-content\/uploads\/2020\/05\/NOTICIAWEB-1-150x150.gif",150,150,true],"medium":["https:\/\/habitatnicaragua.org\/wp-content\/uploads\/2020\/05\/NOTICIAWEB-1-300x105.gif",300,105,true],"large":["https:\/\/habitatnicaragua.org\/wp-content\/uploads\/2020\/05\/NOTICIAWEB-1-1024x358.gif",860,301,true],"1536x1536":["https:\/\/habitatnicaragua.org\/wp-content\/uploads\/2020\/05\/NOTICIAWEB-1-1536x538.gif",1536,538,true],"2048x2048":["https:\/\/habitatnicaragua.org\/wp-content\/uploads\/2020\/05\/NOTICIAWEB-1.gif",1920,672,false],"small-header":["https:\/\/habitatnicaragua.org\/wp-content\/uploads\/2020\/05\/NOTICIAWEB-1-1800x220.gif",1800,220,true],"small-event":["https:\/\/habitatnicaragua.org\/wp-content\/uploads\/2020\/05\/NOTICIAWEB-1-100x85.gif",100,85,true],"medium-event":["https:\/\/habitatnicaragua.org\/wp-content\/uploads\/2020\/05\/NOTICIAWEB-1-270x150.gif",270,150,true],"large-event":["https:\/\/habitatnicaragua.org\/wp-content\/uploads\/2020\/05\/NOTICIAWEB-1-770x330.gif",770,330,true],"large-event-2":["https:\/\/habitatnicaragua.org\/wp-content\/uploads\/2020\/05\/NOTICIAWEB-1-540x440.gif",540,440,true],"document-thumb":["https:\/\/habitatnicaragua.org\/wp-content\/uploads\/2020\/05\/NOTICIAWEB-1-400x140.gif",400,140,true],"gallery-full":["https:\/\/habitatnicaragua.org\/wp-content\/uploads\/2020\/05\/NOTICIAWEB-1-1660x672.gif",1660,672,true],"gallery-thumb":["https:\/\/habitatnicaragua.org\/wp-content\/uploads\/2020\/05\/NOTICIAWEB-1-540x330.gif",540,330,true],"cause-medium":["https:\/\/habitatnicaragua.org\/wp-content\/uploads\/2020\/05\/NOTICIAWEB-1-900x525.gif",900,525,true],"staff-home":["https:\/\/habitatnicaragua.org\/wp-content\/uploads\/2020\/05\/NOTICIAWEB-1-292x248.gif",292,248,true],"woocommerce_thumbnail":["https:\/\/habitatnicaragua.org\/wp-content\/uploads\/2020\/05\/NOTICIAWEB-1-300x300.gif",300,300,true],"woocommerce_single":["https:\/\/habitatnicaragua.org\/wp-content\/uploads\/2020\/05\/NOTICIAWEB-1-600x210.gif",600,210,true],"woocommerce_gallery_thumbnail":["https:\/\/habitatnicaragua.org\/wp-content\/uploads\/2020\/05\/NOTICIAWEB-1-100x100.gif",100,100,true]},"rttpg_author":{"display_name":"Victor Solano","author_link":"https:\/\/habitatnicaragua.org\/en\/author\/v1ct0rs0ln0\/"},"rttpg_comment":0,"rttpg_category":"","rttpg_excerpt":null,"_links":{"self":[{"href":"https:\/\/habitatnicaragua.org\/en\/wp-json\/wp\/v2\/pages\/1789","targetHints":{"allow":["GET"]}}],"collection":[{"href":"https:\/\/habitatnicaragua.org\/en\/wp-json\/wp\/v2\/pages"}],"about":[{"href":"https:\/\/habitatnicaragua.org\/en\/wp-json\/wp\/v2\/types\/page"}],"author":[{"embeddable":true,"href":"https:\/\/habitatnicaragua.org\/en\/wp-json\/wp\/v2\/users\/2"}],"replies":[{"embeddable":true,"href":"https:\/\/habitatnicaragua.org\/en\/wp-json\/wp\/v2\/comments?post=1789"}],"version-history":[{"count":0,"href":"https:\/\/habitatnicaragua.org\/en\/wp-json\/wp\/v2\/pages\/1789\/revisions"}],"wp:featuredmedia":[{"embeddable":true,"href":"https:\/\/habitatnicaragua.org\/en\/wp-json\/wp\/v2\/media\/13822"}],"wp:attachment":[{"href":"https:\/\/habitatnicaragua.org\/en\/wp-json\/wp\/v2\/media?parent=1789"}],"curies":[{"name":"wp","href":"https:\/\/api.w.org\/{rel}","templated":true}]}}