{"id":1773,"date":"2019-01-20T08:42:34","date_gmt":"2019-01-20T08:42:34","guid":{"rendered":"http:\/\/ctivmexico.org\/?page_id=1773"},"modified":"2023-09-06T22:03:13","modified_gmt":"2023-09-07T04:03:13","slug":"nuestros-afiliados","status":"publish","type":"page","link":"https:\/\/habitatnicaragua.org\/en\/nuestros-afiliados\/","title":{"rendered":"Our Affiliates"},"content":{"rendered":"To support the operation of Habitat Nicaragua, we have the support of different Affiliates in Habitat for Humanity International in the United States.<\/p>\n<p>&nbsp;<\/p>\n<table width=\"652\">\n<tbody>\n<tr>\n<td width=\"330\">H\u00e1bitat para la Humanidad Alexander County<\/td>\n<td width=\"321\">H\u00e1bitat para la Humanidad Metro Denver<\/td>\n<\/tr>\n<tr>\n<td width=\"330\">H\u00e1bitat para la Humanidad Austin<\/td>\n<td width=\"321\">H\u00e1bitat para la Humanidad New Castle County<\/td>\n<\/tr>\n<tr>\n<td width=\"330\">H\u00e1bitat para la Humanidad Black Hills Area<\/td>\n<td width=\"321\">H\u00e1bitat para la Humanidad Orange County<\/td>\n<\/tr>\n<tr>\n<td width=\"330\">H\u00e1bitat para la Humanidad Carroll County<\/td>\n<td width=\"321\">H\u00e1bitat para la Humanidad Philadelphia<\/td>\n<\/tr>\n<tr>\n<td width=\"330\">H\u00e1bitat para la Humanidad Catawba Valley<\/td>\n<td width=\"321\">H\u00e1bitat para la Humanidad Metro Denver<\/td>\n<\/tr>\n<tr>\n<td width=\"330\">H\u00e1bitat para la Humanidad Central Arizona<\/td>\n<td width=\"321\">H\u00e1bitat para la Humanidad Sacramento<\/td>\n<\/tr>\n<tr>\n<td width=\"330\">H\u00e1bitat para la Humanidad Central Berkshire<\/td>\n<td width=\"321\">H\u00e1bitat para la Humanidad Santa Fe<\/td>\n<\/tr>\n<tr>\n<td width=\"330\">H\u00e1bitat para la Humanidad Central Minnesota<\/td>\n<td width=\"321\">H\u00e1bitat para la Humanidad Seneca County<\/td>\n<\/tr>\n<tr>\n<td width=\"330\">H\u00e1bitat para la Humanidad Central Wisconsin<\/td>\n<td width=\"321\">H\u00e1bitat para la Humanidad Twin Cities<\/td>\n<\/tr>\n<tr>\n<td width=\"330\">H\u00e1bitat para la Humanidad Douglas County Minnesota<\/td>\n<td width=\"321\">H\u00e1bitat para la Humanidad Pinellas and West Pasco Counties<\/td>\n<\/tr>\n<tr>\n<td width=\"330\">H\u00e1bitat para la Humanidad Lee &amp; Hendry Counties<\/td>\n<td width=\"321\">H\u00e1bitat para la Humanidad Birmingham\u00a0 Greater<\/td>\n<\/tr>\n<tr>\n<td width=\"330\">H\u00e1bitat para la Humanidad Fluvanna County<\/td>\n<td width=\"321\">H\u00e1bitat para la Humanidad New Castle County<\/td>\n<\/tr>\n<tr>\n<td width=\"330\">H\u00e1bitat para la Humanidad Fresno<\/td>\n<td width=\"321\">H\u00e1bitat para la Humanidad Northeast Arkansas<\/td>\n<\/tr>\n<tr>\n<td width=\"330\">H\u00e1bitat para la Humanidad Forsyth County<\/td>\n<td width=\"321\">H\u00e1bitat para la Humanidad Mclean County<\/td>\n<\/tr>\n<tr>\n<td width=\"330\">H\u00e1bitat para la Humanidad Jonesboro<\/td>\n<td width=\"321\">H\u00e1bitat para la Humanidad Lakeshore<\/td>\n<\/tr>\n<tr>\n<td width=\"330\">H\u00e1bitat para la Humanidad Lancaster Lebanon<\/td>\n<td width=\"321\"><\/td>\n<\/tr>\n<tr>\n<td width=\"330\">Lillian Schroeder<\/td>\n<td width=\"321\">Bonnie Bressette<\/td>\n<\/tr>\n<tr>\n<td width=\"330\">Ernest Kimmel<\/td>\n<td width=\"321\">Dona McDonough<\/td>\n<\/tr>\n<tr>\n<td width=\"330\">Alyson Sailer<\/td>\n<td width=\"321\">Morgan Stanley<\/td>\n<\/tr>\n<\/tbody>\n<\/table>\n<p><strong>\u00a0<\/strong>","protected":false},"excerpt":{"rendered":"<p>To support the operation of Habitat Nicaragua, we have the support of different Affiliates in Habitat for Humanity International in the United States. &nbsp; H\u00e1bitat para la Humanidad Alexander County H\u00e1bitat para la Humanidad Metro Denver H\u00e1bitat para la Humanidad Austin H\u00e1bitat para la Humanidad New Castle County H\u00e1bitat para la Humanidad Black Hills Area<\/p>\n<div class=\"post-actions\"><a class=\"button small\" href=\"https:\/\/habitatnicaragua.org\/en\/nuestros-afiliados\/\">Leer M\u00e1s<\/a><\/div>\n","protected":false},"author":2,"featured_media":16213,"parent":0,"menu_order":0,"comment_status":"closed","ping_status":"closed","template":"","meta":{"_acf_changed":false,"_exactmetrics_skip_tracking":false,"_exactmetrics_sitenote_active":false,"_exactmetrics_sitenote_note":"","_exactmetrics_sitenote_category":0,"footnotes":""},"class_list":["post-1773","page","type-page","status-publish","has-post-thumbnail","hentry"],"acf":[],"yoast_head":"<!-- This site is optimized with the Yoast SEO plugin v26.6 - https:\/\/yoast.com\/wordpress\/plugins\/seo\/ -->\n<title>H\u00e1bitat para la Humanidad Nicaragua<\/title>\n<meta name=\"description\" content=\"H\u00e1bitat para la Humanidad Nicaragua es una organizaci\u00f3n sin fines de lucro, que aboga y trabaja por el derecho a la vivienda digna y a la mejora sostenible del h\u00e1bitat comunitario\" \/>\n<meta name=\"robots\" content=\"noindex, follow, max-snippet:-1, max-image-preview:large, max-video-preview:-1\" \/>\n<meta property=\"og:locale\" content=\"en_US\" \/>\n<meta property=\"og:type\" content=\"article\" \/>\n<meta property=\"og:title\" content=\"H\u00e1bitat para la Humanidad Nicaragua\" \/>\n<meta property=\"og:description\" content=\"H\u00e1bitat para la Humanidad Nicaragua es una organizaci\u00f3n sin fines de lucro, que aboga y trabaja por el derecho a la vivienda digna y a la mejora sostenible del h\u00e1bitat comunitario\" \/>\n<meta property=\"og:url\" content=\"https:\/\/habitatnicaragua.org\/en\/nuestros-afiliados\/\" \/>\n<meta property=\"og:site_name\" content=\"H\u00e1bitat para la Humanidad Nicaragua\" \/>\n<meta property=\"article:modified_time\" content=\"2023-09-07T04:03:13+00:00\" \/>\n<meta property=\"og:image\" content=\"https:\/\/habitatnicaragua.org\/wp-content\/uploads\/2022\/05\/Captura-de-Pantalla-2022-05-03-a-las-09.16.49-1024x679.png\" \/>\n\t<meta property=\"og:image:width\" content=\"1024\" \/>\n\t<meta property=\"og:image:height\" content=\"679\" \/>\n\t<meta property=\"og:image:type\" content=\"image\/png\" \/>\n<meta name=\"twitter:card\" content=\"summary_large_image\" \/>\n<meta name=\"twitter:label1\" content=\"Est. reading time\" \/>\n\t<meta name=\"twitter:data1\" content=\"2 minutes\" \/>\n<script type=\"application\/ld+json\" class=\"yoast-schema-graph\">{\"@context\":\"https:\/\/schema.org\",\"@graph\":[{\"@type\":\"WebPage\",\"@id\":\"https:\/\/habitatnicaragua.org\/en\/nuestros-afiliados\/\",\"url\":\"https:\/\/habitatnicaragua.org\/en\/nuestros-afiliados\/\",\"name\":\"H\u00e1bitat para la Humanidad Nicaragua\",\"isPartOf\":{\"@id\":\"https:\/\/habitatnicaragua.org\/en\/#website\"},\"primaryImageOfPage\":{\"@id\":\"https:\/\/habitatnicaragua.org\/en\/nuestros-afiliados\/#primaryimage\"},\"image\":{\"@id\":\"https:\/\/habitatnicaragua.org\/en\/nuestros-afiliados\/#primaryimage\"},\"thumbnailUrl\":\"https:\/\/habitatnicaragua.org\/wp-content\/uploads\/2022\/05\/Captura-de-Pantalla-2022-05-03-a-las-09.16.49.png\",\"datePublished\":\"2019-01-20T08:42:34+00:00\",\"dateModified\":\"2023-09-07T04:03:13+00:00\",\"description\":\"H\u00e1bitat para la Humanidad Nicaragua es una organizaci\u00f3n sin fines de lucro, que aboga y trabaja por el derecho a la vivienda digna y a la mejora sostenible del h\u00e1bitat comunitario\",\"breadcrumb\":{\"@id\":\"https:\/\/habitatnicaragua.org\/en\/nuestros-afiliados\/#breadcrumb\"},\"inLanguage\":\"en-US\",\"potentialAction\":[{\"@type\":\"ReadAction\",\"target\":[[\"https:\/\/habitatnicaragua.org\/en\/nuestros-afiliados\/\"]]}]},{\"@type\":\"ImageObject\",\"inLanguage\":\"en-US\",\"@id\":\"https:\/\/habitatnicaragua.org\/en\/nuestros-afiliados\/#primaryimage\",\"url\":\"https:\/\/habitatnicaragua.org\/wp-content\/uploads\/2022\/05\/Captura-de-Pantalla-2022-05-03-a-las-09.16.49.png\",\"contentUrl\":\"https:\/\/habitatnicaragua.org\/wp-content\/uploads\/2022\/05\/Captura-de-Pantalla-2022-05-03-a-las-09.16.49.png\",\"width\":2684,\"height\":1780},{\"@type\":\"BreadcrumbList\",\"@id\":\"https:\/\/habitatnicaragua.org\/en\/nuestros-afiliados\/#breadcrumb\",\"itemListElement\":[{\"@type\":\"ListItem\",\"position\":1,\"name\":\"Portada\",\"item\":\"https:\/\/habitatnicaragua.org\/en\/\"},{\"@type\":\"ListItem\",\"position\":2,\"name\":\"Our Affiliates\"}]},{\"@type\":\"WebSite\",\"@id\":\"https:\/\/habitatnicaragua.org\/en\/#website\",\"url\":\"https:\/\/habitatnicaragua.org\/en\/\",\"name\":\"H\u00e1bitat para la Humanidad Nicaragua\",\"description\":\"\",\"publisher\":{\"@id\":\"https:\/\/habitatnicaragua.org\/en\/#organization\"},\"potentialAction\":[{\"@type\":\"SearchAction\",\"target\":{\"@type\":\"EntryPoint\",\"urlTemplate\":\"https:\/\/habitatnicaragua.org\/en\/?s={search_term_string}\"},\"query-input\":{\"@type\":\"PropertyValueSpecification\",\"valueRequired\":true,\"valueName\":\"search_term_string\"}}],\"inLanguage\":\"en-US\"},{\"@type\":\"Organization\",\"@id\":\"https:\/\/habitatnicaragua.org\/en\/#organization\",\"name\":\"H\u00e1bitat para la Humanidad Nicaragua\",\"url\":\"https:\/\/habitatnicaragua.org\/en\/\",\"logo\":{\"@type\":\"ImageObject\",\"inLanguage\":\"en-US\",\"@id\":\"https:\/\/habitatnicaragua.org\/en\/#\/schema\/logo\/image\/\",\"url\":\"https:\/\/habitatnicaragua.org\/wp-content\/uploads\/2016\/07\/photo_large.jpg\",\"contentUrl\":\"https:\/\/habitatnicaragua.org\/wp-content\/uploads\/2016\/07\/photo_large.jpg\",\"width\":160,\"height\":160,\"caption\":\"H\u00e1bitat para la Humanidad Nicaragua\"},\"image\":{\"@id\":\"https:\/\/habitatnicaragua.org\/en\/#\/schema\/logo\/image\/\"}}]}<\/script>\n<!-- \/ Yoast SEO plugin. -->","yoast_head_json":{"title":"H\u00e1bitat para la Humanidad Nicaragua","description":"H\u00e1bitat para la Humanidad Nicaragua es una organizaci\u00f3n sin fines de lucro, que aboga y trabaja por el derecho a la vivienda digna y a la mejora sostenible del h\u00e1bitat comunitario","robots":{"index":"noindex","follow":"follow","max-snippet":"max-snippet:-1","max-image-preview":"max-image-preview:large","max-video-preview":"max-video-preview:-1"},"og_locale":"en_US","og_type":"article","og_title":"H\u00e1bitat para la Humanidad Nicaragua","og_description":"H\u00e1bitat para la Humanidad Nicaragua es una organizaci\u00f3n sin fines de lucro, que aboga y trabaja por el derecho a la vivienda digna y a la mejora sostenible del h\u00e1bitat comunitario","og_url":"https:\/\/habitatnicaragua.org\/en\/nuestros-afiliados\/","og_site_name":"H\u00e1bitat para la Humanidad Nicaragua","article_modified_time":"2023-09-07T04:03:13+00:00","og_image":[{"width":1024,"height":679,"url":"https:\/\/habitatnicaragua.org\/wp-content\/uploads\/2022\/05\/Captura-de-Pantalla-2022-05-03-a-las-09.16.49-1024x679.png","type":"image\/png"}],"twitter_card":"summary_large_image","twitter_misc":{"Est. reading time":"2 minutes"},"schema":{"@context":"https:\/\/schema.org","@graph":[{"@type":"WebPage","@id":"https:\/\/habitatnicaragua.org\/en\/nuestros-afiliados\/","url":"https:\/\/habitatnicaragua.org\/en\/nuestros-afiliados\/","name":"H\u00e1bitat para la Humanidad Nicaragua","isPartOf":{"@id":"https:\/\/habitatnicaragua.org\/en\/#website"},"primaryImageOfPage":{"@id":"https:\/\/habitatnicaragua.org\/en\/nuestros-afiliados\/#primaryimage"},"image":{"@id":"https:\/\/habitatnicaragua.org\/en\/nuestros-afiliados\/#primaryimage"},"thumbnailUrl":"https:\/\/habitatnicaragua.org\/wp-content\/uploads\/2022\/05\/Captura-de-Pantalla-2022-05-03-a-las-09.16.49.png","datePublished":"2019-01-20T08:42:34+00:00","dateModified":"2023-09-07T04:03:13+00:00","description":"H\u00e1bitat para la Humanidad Nicaragua es una organizaci\u00f3n sin fines de lucro, que aboga y trabaja por el derecho a la vivienda digna y a la mejora sostenible del h\u00e1bitat comunitario","breadcrumb":{"@id":"https:\/\/habitatnicaragua.org\/en\/nuestros-afiliados\/#breadcrumb"},"inLanguage":"en-US","potentialAction":[{"@type":"ReadAction","target":[["https:\/\/habitatnicaragua.org\/en\/nuestros-afiliados\/"]]}]},{"@type":"ImageObject","inLanguage":"en-US","@id":"https:\/\/habitatnicaragua.org\/en\/nuestros-afiliados\/#primaryimage","url":"https:\/\/habitatnicaragua.org\/wp-content\/uploads\/2022\/05\/Captura-de-Pantalla-2022-05-03-a-las-09.16.49.png","contentUrl":"https:\/\/habitatnicaragua.org\/wp-content\/uploads\/2022\/05\/Captura-de-Pantalla-2022-05-03-a-las-09.16.49.png","width":2684,"height":1780},{"@type":"BreadcrumbList","@id":"https:\/\/habitatnicaragua.org\/en\/nuestros-afiliados\/#breadcrumb","itemListElement":[{"@type":"ListItem","position":1,"name":"Portada","item":"https:\/\/habitatnicaragua.org\/en\/"},{"@type":"ListItem","position":2,"name":"Our Affiliates"}]},{"@type":"WebSite","@id":"https:\/\/habitatnicaragua.org\/en\/#website","url":"https:\/\/habitatnicaragua.org\/en\/","name":"H\u00e1bitat para la Humanidad Nicaragua","description":"","publisher":{"@id":"https:\/\/habitatnicaragua.org\/en\/#organization"},"potentialAction":[{"@type":"SearchAction","target":{"@type":"EntryPoint","urlTemplate":"https:\/\/habitatnicaragua.org\/en\/?s={search_term_string}"},"query-input":{"@type":"PropertyValueSpecification","valueRequired":true,"valueName":"search_term_string"}}],"inLanguage":"en-US"},{"@type":"Organization","@id":"https:\/\/habitatnicaragua.org\/en\/#organization","name":"H\u00e1bitat para la Humanidad Nicaragua","url":"https:\/\/habitatnicaragua.org\/en\/","logo":{"@type":"ImageObject","inLanguage":"en-US","@id":"https:\/\/habitatnicaragua.org\/en\/#\/schema\/logo\/image\/","url":"https:\/\/habitatnicaragua.org\/wp-content\/uploads\/2016\/07\/photo_large.jpg","contentUrl":"https:\/\/habitatnicaragua.org\/wp-content\/uploads\/2016\/07\/photo_large.jpg","width":160,"height":160,"caption":"H\u00e1bitat para la Humanidad Nicaragua"},"image":{"@id":"https:\/\/habitatnicaragua.org\/en\/#\/schema\/logo\/image\/"}}]}},"rttpg_featured_image_url":{"full":["https:\/\/habitatnicaragua.org\/wp-content\/uploads\/2022\/05\/Captura-de-Pantalla-2022-05-03-a-las-09.16.49.png",2684,1780,false],"landscape":["https:\/\/habitatnicaragua.org\/wp-content\/uploads\/2022\/05\/Captura-de-Pantalla-2022-05-03-a-las-09.16.49.png",2684,1780,false],"portraits":["https:\/\/habitatnicaragua.org\/wp-content\/uploads\/2022\/05\/Captura-de-Pantalla-2022-05-03-a-las-09.16.49.png",2684,1780,false],"thumbnail":["https:\/\/habitatnicaragua.org\/wp-content\/uploads\/2022\/05\/Captura-de-Pantalla-2022-05-03-a-las-09.16.49-150x150.png",150,150,true],"medium":["https:\/\/habitatnicaragua.org\/wp-content\/uploads\/2022\/05\/Captura-de-Pantalla-2022-05-03-a-las-09.16.49-300x199.png",300,199,true],"large":["https:\/\/habitatnicaragua.org\/wp-content\/uploads\/2022\/05\/Captura-de-Pantalla-2022-05-03-a-las-09.16.49-1024x679.png",860,570,true],"1536x1536":["https:\/\/habitatnicaragua.org\/wp-content\/uploads\/2022\/05\/Captura-de-Pantalla-2022-05-03-a-las-09.16.49-1536x1019.png",1536,1019,true],"2048x2048":["https:\/\/habitatnicaragua.org\/wp-content\/uploads\/2022\/05\/Captura-de-Pantalla-2022-05-03-a-las-09.16.49.png",2048,1358,false],"small-header":["https:\/\/habitatnicaragua.org\/wp-content\/uploads\/2022\/05\/Captura-de-Pantalla-2022-05-03-a-las-09.16.49.png",332,220,false],"small-event":["https:\/\/habitatnicaragua.org\/wp-content\/uploads\/2022\/05\/Captura-de-Pantalla-2022-05-03-a-las-09.16.49.png",100,66,false],"medium-event":["https:\/\/habitatnicaragua.org\/wp-content\/uploads\/2022\/05\/Captura-de-Pantalla-2022-05-03-a-las-09.16.49.png",226,150,false],"large-event":["https:\/\/habitatnicaragua.org\/wp-content\/uploads\/2022\/05\/Captura-de-Pantalla-2022-05-03-a-las-09.16.49.png",498,330,false],"large-event-2":["https:\/\/habitatnicaragua.org\/wp-content\/uploads\/2022\/05\/Captura-de-Pantalla-2022-05-03-a-las-09.16.49.png",540,358,false],"document-thumb":["https:\/\/habitatnicaragua.org\/wp-content\/uploads\/2022\/05\/Captura-de-Pantalla-2022-05-03-a-las-09.16.49.png",400,265,false],"gallery-full":["https:\/\/habitatnicaragua.org\/wp-content\/uploads\/2022\/05\/Captura-de-Pantalla-2022-05-03-a-las-09.16.49.png",1327,880,false],"gallery-thumb":["https:\/\/habitatnicaragua.org\/wp-content\/uploads\/2022\/05\/Captura-de-Pantalla-2022-05-03-a-las-09.16.49.png",498,330,false],"cause-medium":["https:\/\/habitatnicaragua.org\/wp-content\/uploads\/2022\/05\/Captura-de-Pantalla-2022-05-03-a-las-09.16.49.png",792,525,false],"staff-home":["https:\/\/habitatnicaragua.org\/wp-content\/uploads\/2022\/05\/Captura-de-Pantalla-2022-05-03-a-las-09.16.49.png",292,194,false],"woocommerce_thumbnail":["https:\/\/habitatnicaragua.org\/wp-content\/uploads\/2022\/05\/Captura-de-Pantalla-2022-05-03-a-las-09.16.49-300x300.png",300,300,true],"woocommerce_single":["https:\/\/habitatnicaragua.org\/wp-content\/uploads\/2022\/05\/Captura-de-Pantalla-2022-05-03-a-las-09.16.49.png",600,398,false],"woocommerce_gallery_thumbnail":["https:\/\/habitatnicaragua.org\/wp-content\/uploads\/2022\/05\/Captura-de-Pantalla-2022-05-03-a-las-09.16.49-100x100.png",100,100,true]},"rttpg_author":{"display_name":"Victor Solano","author_link":"https:\/\/habitatnicaragua.org\/en\/author\/v1ct0rs0ln0\/"},"rttpg_comment":0,"rttpg_category":null,"rttpg_excerpt":"To support the operation of Habitat Nicaragua, we have the support of different Affiliates in Habitat for Humanity International in the United States. &nbsp; H\u00e1bitat para la Humanidad Alexander County H\u00e1bitat para la Humanidad Metro Denver H\u00e1bitat para la Humanidad Austin H\u00e1bitat para la Humanidad New Castle County H\u00e1bitat para la Humanidad Black Hills AreaLeer&hellip;","_links":{"self":[{"href":"https:\/\/habitatnicaragua.org\/en\/wp-json\/wp\/v2\/pages\/1773","targetHints":{"allow":["GET"]}}],"collection":[{"href":"https:\/\/habitatnicaragua.org\/en\/wp-json\/wp\/v2\/pages"}],"about":[{"href":"https:\/\/habitatnicaragua.org\/en\/wp-json\/wp\/v2\/types\/page"}],"author":[{"embeddable":true,"href":"https:\/\/habitatnicaragua.org\/en\/wp-json\/wp\/v2\/users\/2"}],"replies":[{"embeddable":true,"href":"https:\/\/habitatnicaragua.org\/en\/wp-json\/wp\/v2\/comments?post=1773"}],"version-history":[{"count":0,"href":"https:\/\/habitatnicaragua.org\/en\/wp-json\/wp\/v2\/pages\/1773\/revisions"}],"wp:featuredmedia":[{"embeddable":true,"href":"https:\/\/habitatnicaragua.org\/en\/wp-json\/wp\/v2\/media\/16213"}],"wp:attachment":[{"href":"https:\/\/habitatnicaragua.org\/en\/wp-json\/wp\/v2\/media?parent=1773"}],"curies":[{"name":"wp","href":"https:\/\/api.w.org\/{rel}","templated":true}]}}