{"id":1751,"date":"2019-01-20T08:39:02","date_gmt":"2019-01-20T08:39:02","guid":{"rendered":"http:\/\/ctivmexico.org\/?page_id=1751"},"modified":"2020-10-16T14:26:48","modified_gmt":"2020-10-16T20:26:48","slug":"nuestra-intervencion","status":"publish","type":"page","link":"https:\/\/habitatnicaragua.org\/en\/nuestra-intervencion\/","title":{"rendered":"Our intervention"},"content":{"rendered":"<span>We support the social production of habitat through various modalities:<\/span><\/p>\n<ul>\n<li><span>We support subsidized housing improvement within the framework of projects for families living in extreme poverty in specific communities, developed in partnership with other national and international actors, private and public sector, among others.\u00a0We give priority to housing for generating income families where women are leading, families who have members with disabilities, families in overcrowded conditions.\u00a0These projects collaborating groups of\u00a0\u00a0<\/span><a href=\"https:\/\/www.habitatnicaragua.org\/voluntariado\/\"><span>national and international volunteers<\/span><\/a><span>\u00a0.<\/span><\/li>\n<li><span>We work in partnership with microfinance institutions that offer loans for housing improvements plus Technical-Constructive Assistance (ATC).\u00a0This funding allows families, go progressively improving their homes.\u00a0The credit amount is adjusted to the financial capacity of the client and the ATC allows the customer to plan their improvement with available resources, ensure the quality of it and have a plan for the next stages of improving housing.<\/span><\/li>\n<li><span>We promote the use of alternative sanitation technologies, by building eco-toilets, plus educational processes for the adoption of good hygiene practices and health.<\/span><\/li>\n<li><span>Contribute to strengthen and develop other skills and abilities in families with whom we work through training process: financial education, the Housing Act (Act 677), the importance of secure tenure of property, construction of safe housing the progressive improvement and healthy housing.<\/span><\/li>\n<li><span>We join community organization in strengthening and capacity building to continue improving self-management of their habitat, through counseling and training in diagnosis and planning, risk management, management of water and sanitation.<\/span><\/li>\n<li><span>Technical Assistance to provide microfinance institutions, businesses and other organizations for the design and implementation of financial education programs for its customers and partners.<\/span><\/li>\n<\/ul>\n<p><span>As an organization, we are constantly preparing to provide adequate and timely response to disaster situations, in partnership with other social actors and by developing early recovery projects or rehabilitation, which may include, among others:<\/span><\/p>\n<ul>\n<li><span>Damage assessment services.<\/span><\/li>\n<li><span>Providing tools for removal and rehabilitation \/ repair of community structures or homes.<\/span><\/li>\n<li><span>Construction of transitional shelters with approach toward permanence.<\/span><\/li>\n<li><span>Others.<\/span><\/li>\n<\/ul>","protected":false},"excerpt":{"rendered":"<p>We support the social production of habitat through various modalities: We support subsidized housing improvement within the framework of projects for families living in extreme poverty in specific communities, developed in partnership with other national and international actors, private and public sector, among others.\u00a0We give priority to housing for generating income families where women are<\/p>\n<div class=\"post-actions\"><a class=\"button small\" href=\"https:\/\/habitatnicaragua.org\/en\/nuestra-intervencion\/\">Leer M\u00e1s<\/a><\/div>\n","protected":false},"author":2,"featured_media":14581,"parent":0,"menu_order":0,"comment_status":"closed","ping_status":"closed","template":"","meta":{"_acf_changed":false,"_exactmetrics_skip_tracking":false,"_exactmetrics_sitenote_active":false,"_exactmetrics_sitenote_note":"","_exactmetrics_sitenote_category":0,"footnotes":""},"class_list":["post-1751","page","type-page","status-publish","has-post-thumbnail","hentry"],"acf":[],"yoast_head":"<!-- This site is optimized with the Yoast SEO plugin v26.6 - https:\/\/yoast.com\/wordpress\/plugins\/seo\/ -->\n<title>H\u00e1bitat para la Humanidad Nicaragua<\/title>\n<meta name=\"description\" content=\"H\u00e1bitat para la Humanidad Nicaragua es una organizaci\u00f3n sin fines de lucro, que aboga y trabaja por el derecho a la vivienda digna y a la mejora sostenible del h\u00e1bitat comunitario\" \/>\n<meta name=\"robots\" content=\"index, follow, max-snippet:-1, max-image-preview:large, max-video-preview:-1\" \/>\n<link rel=\"canonical\" href=\"https:\/\/habitatnicaragua.org\/en\/nuestra-intervencion\/\" \/>\n<meta property=\"og:locale\" content=\"en_US\" \/>\n<meta property=\"og:type\" content=\"article\" \/>\n<meta property=\"og:title\" content=\"H\u00e1bitat para la Humanidad Nicaragua\" \/>\n<meta property=\"og:description\" content=\"H\u00e1bitat para la Humanidad Nicaragua es una organizaci\u00f3n sin fines de lucro, que aboga y trabaja por el derecho a la vivienda digna y a la mejora sostenible del h\u00e1bitat comunitario\" \/>\n<meta property=\"og:url\" content=\"https:\/\/habitatnicaragua.org\/en\/nuestra-intervencion\/\" \/>\n<meta property=\"og:site_name\" content=\"H\u00e1bitat para la Humanidad Nicaragua\" \/>\n<meta property=\"article:modified_time\" content=\"2020-10-16T20:26:48+00:00\" \/>\n<meta property=\"og:image\" content=\"http:\/\/habitatnicaragua.org\/wp-content\/uploads\/2020\/10\/Ejesdetrabajo-04-e1602801171139.png\" \/>\n\t<meta property=\"og:image:width\" content=\"7301\" \/>\n\t<meta property=\"og:image:height\" content=\"1953\" \/>\n\t<meta property=\"og:image:type\" content=\"image\/png\" \/>\n<meta name=\"twitter:card\" content=\"summary_large_image\" \/>\n<meta name=\"twitter:label1\" content=\"Est. reading time\" \/>\n\t<meta name=\"twitter:data1\" content=\"4 minutes\" \/>\n<script type=\"application\/ld+json\" class=\"yoast-schema-graph\">{\"@context\":\"https:\/\/schema.org\",\"@graph\":[{\"@type\":\"WebPage\",\"@id\":\"https:\/\/habitatnicaragua.org\/en\/nuestra-intervencion\/\",\"url\":\"https:\/\/habitatnicaragua.org\/en\/nuestra-intervencion\/\",\"name\":\"H\u00e1bitat para la Humanidad Nicaragua\",\"isPartOf\":{\"@id\":\"https:\/\/habitatnicaragua.org\/en\/#website\"},\"primaryImageOfPage\":{\"@id\":\"https:\/\/habitatnicaragua.org\/en\/nuestra-intervencion\/#primaryimage\"},\"image\":{\"@id\":\"https:\/\/habitatnicaragua.org\/nuestra-intervencion\/#primaryimage\"},\"thumbnailUrl\":\"https:\/\/habitatnicaragua.org\/wp-content\/uploads\/2020\/10\/Ejesdetrabajo-04-e1602801171139.png\",\"datePublished\":\"2019-01-20T08:39:02+00:00\",\"dateModified\":\"2020-10-16T20:26:48+00:00\",\"description\":\"H\u00e1bitat para la Humanidad Nicaragua es una organizaci\u00f3n sin fines de lucro, que aboga y trabaja por el derecho a la vivienda digna y a la mejora sostenible del h\u00e1bitat comunitario\",\"breadcrumb\":{\"@id\":\"https:\/\/habitatnicaragua.org\/en\/nuestra-intervencion\/#breadcrumb\"},\"inLanguage\":\"en-US\",\"potentialAction\":[{\"@type\":\"ReadAction\",\"target\":[[\"https:\/\/habitatnicaragua.org\/en\/nuestra-intervencion\/\"]]}]},{\"@type\":\"ImageObject\",\"inLanguage\":\"en-US\",\"@id\":\"https:\/\/habitatnicaragua.org\/en\/nuestra-intervencion\/#primaryimage\",\"url\":\"https:\/\/habitatnicaragua.org\/wp-content\/uploads\/2020\/10\/Ejesdetrabajo-04-e1602801171139.png\",\"contentUrl\":\"https:\/\/habitatnicaragua.org\/wp-content\/uploads\/2020\/10\/Ejesdetrabajo-04-e1602801171139.png\",\"width\":7301,\"height\":1953},{\"@type\":\"BreadcrumbList\",\"@id\":\"https:\/\/habitatnicaragua.org\/en\/nuestra-intervencion\/#breadcrumb\",\"itemListElement\":[{\"@type\":\"ListItem\",\"position\":1,\"name\":\"Portada\",\"item\":\"https:\/\/habitatnicaragua.org\/en\/\"},{\"@type\":\"ListItem\",\"position\":2,\"name\":\"Mejoramiento del h\u00e1bitat\"}]},{\"@type\":\"WebSite\",\"@id\":\"https:\/\/habitatnicaragua.org\/en\/#website\",\"url\":\"https:\/\/habitatnicaragua.org\/en\/\",\"name\":\"H\u00e1bitat para la Humanidad Nicaragua\",\"description\":\"\",\"publisher\":{\"@id\":\"https:\/\/habitatnicaragua.org\/en\/#organization\"},\"potentialAction\":[{\"@type\":\"SearchAction\",\"target\":{\"@type\":\"EntryPoint\",\"urlTemplate\":\"https:\/\/habitatnicaragua.org\/en\/?s={search_term_string}\"},\"query-input\":{\"@type\":\"PropertyValueSpecification\",\"valueRequired\":true,\"valueName\":\"search_term_string\"}}],\"inLanguage\":\"en-US\"},{\"@type\":\"Organization\",\"@id\":\"https:\/\/habitatnicaragua.org\/en\/#organization\",\"name\":\"H\u00e1bitat para la Humanidad Nicaragua\",\"url\":\"https:\/\/habitatnicaragua.org\/en\/\",\"logo\":{\"@type\":\"ImageObject\",\"inLanguage\":\"en-US\",\"@id\":\"https:\/\/habitatnicaragua.org\/en\/#\/schema\/logo\/image\/\",\"url\":\"https:\/\/habitatnicaragua.org\/wp-content\/uploads\/2016\/07\/photo_large.jpg\",\"contentUrl\":\"https:\/\/habitatnicaragua.org\/wp-content\/uploads\/2016\/07\/photo_large.jpg\",\"width\":160,\"height\":160,\"caption\":\"H\u00e1bitat para la Humanidad Nicaragua\"},\"image\":{\"@id\":\"https:\/\/habitatnicaragua.org\/en\/#\/schema\/logo\/image\/\"}}]}<\/script>\n<!-- \/ Yoast SEO plugin. -->","yoast_head_json":{"title":"H\u00e1bitat para la Humanidad Nicaragua","description":"H\u00e1bitat para la Humanidad Nicaragua es una organizaci\u00f3n sin fines de lucro, que aboga y trabaja por el derecho a la vivienda digna y a la mejora sostenible del h\u00e1bitat comunitario","robots":{"index":"index","follow":"follow","max-snippet":"max-snippet:-1","max-image-preview":"max-image-preview:large","max-video-preview":"max-video-preview:-1"},"canonical":"https:\/\/habitatnicaragua.org\/en\/nuestra-intervencion\/","og_locale":"en_US","og_type":"article","og_title":"H\u00e1bitat para la Humanidad Nicaragua","og_description":"H\u00e1bitat para la Humanidad Nicaragua es una organizaci\u00f3n sin fines de lucro, que aboga y trabaja por el derecho a la vivienda digna y a la mejora sostenible del h\u00e1bitat comunitario","og_url":"https:\/\/habitatnicaragua.org\/en\/nuestra-intervencion\/","og_site_name":"H\u00e1bitat para la Humanidad Nicaragua","article_modified_time":"2020-10-16T20:26:48+00:00","og_image":[{"width":7301,"height":1953,"url":"http:\/\/habitatnicaragua.org\/wp-content\/uploads\/2020\/10\/Ejesdetrabajo-04-e1602801171139.png","type":"image\/png"}],"twitter_card":"summary_large_image","twitter_misc":{"Est. reading time":"4 minutes"},"schema":{"@context":"https:\/\/schema.org","@graph":[{"@type":"WebPage","@id":"https:\/\/habitatnicaragua.org\/en\/nuestra-intervencion\/","url":"https:\/\/habitatnicaragua.org\/en\/nuestra-intervencion\/","name":"H\u00e1bitat para la Humanidad Nicaragua","isPartOf":{"@id":"https:\/\/habitatnicaragua.org\/en\/#website"},"primaryImageOfPage":{"@id":"https:\/\/habitatnicaragua.org\/en\/nuestra-intervencion\/#primaryimage"},"image":{"@id":"https:\/\/habitatnicaragua.org\/nuestra-intervencion\/#primaryimage"},"thumbnailUrl":"https:\/\/habitatnicaragua.org\/wp-content\/uploads\/2020\/10\/Ejesdetrabajo-04-e1602801171139.png","datePublished":"2019-01-20T08:39:02+00:00","dateModified":"2020-10-16T20:26:48+00:00","description":"H\u00e1bitat para la Humanidad Nicaragua es una organizaci\u00f3n sin fines de lucro, que aboga y trabaja por el derecho a la vivienda digna y a la mejora sostenible del h\u00e1bitat comunitario","breadcrumb":{"@id":"https:\/\/habitatnicaragua.org\/en\/nuestra-intervencion\/#breadcrumb"},"inLanguage":"en-US","potentialAction":[{"@type":"ReadAction","target":[["https:\/\/habitatnicaragua.org\/en\/nuestra-intervencion\/"]]}]},{"@type":"ImageObject","inLanguage":"en-US","@id":"https:\/\/habitatnicaragua.org\/en\/nuestra-intervencion\/#primaryimage","url":"https:\/\/habitatnicaragua.org\/wp-content\/uploads\/2020\/10\/Ejesdetrabajo-04-e1602801171139.png","contentUrl":"https:\/\/habitatnicaragua.org\/wp-content\/uploads\/2020\/10\/Ejesdetrabajo-04-e1602801171139.png","width":7301,"height":1953},{"@type":"BreadcrumbList","@id":"https:\/\/habitatnicaragua.org\/en\/nuestra-intervencion\/#breadcrumb","itemListElement":[{"@type":"ListItem","position":1,"name":"Portada","item":"https:\/\/habitatnicaragua.org\/en\/"},{"@type":"ListItem","position":2,"name":"Mejoramiento del h\u00e1bitat"}]},{"@type":"WebSite","@id":"https:\/\/habitatnicaragua.org\/en\/#website","url":"https:\/\/habitatnicaragua.org\/en\/","name":"H\u00e1bitat para la Humanidad Nicaragua","description":"","publisher":{"@id":"https:\/\/habitatnicaragua.org\/en\/#organization"},"potentialAction":[{"@type":"SearchAction","target":{"@type":"EntryPoint","urlTemplate":"https:\/\/habitatnicaragua.org\/en\/?s={search_term_string}"},"query-input":{"@type":"PropertyValueSpecification","valueRequired":true,"valueName":"search_term_string"}}],"inLanguage":"en-US"},{"@type":"Organization","@id":"https:\/\/habitatnicaragua.org\/en\/#organization","name":"H\u00e1bitat para la Humanidad Nicaragua","url":"https:\/\/habitatnicaragua.org\/en\/","logo":{"@type":"ImageObject","inLanguage":"en-US","@id":"https:\/\/habitatnicaragua.org\/en\/#\/schema\/logo\/image\/","url":"https:\/\/habitatnicaragua.org\/wp-content\/uploads\/2016\/07\/photo_large.jpg","contentUrl":"https:\/\/habitatnicaragua.org\/wp-content\/uploads\/2016\/07\/photo_large.jpg","width":160,"height":160,"caption":"H\u00e1bitat para la Humanidad Nicaragua"},"image":{"@id":"https:\/\/habitatnicaragua.org\/en\/#\/schema\/logo\/image\/"}}]}},"rttpg_featured_image_url":{"full":["https:\/\/habitatnicaragua.org\/wp-content\/uploads\/2020\/10\/Ejesdetrabajo-04-e1602801171139.png",7301,1953,false],"landscape":["https:\/\/habitatnicaragua.org\/wp-content\/uploads\/2020\/10\/Ejesdetrabajo-04-e1602801171139.png",7301,1953,false],"portraits":["https:\/\/habitatnicaragua.org\/wp-content\/uploads\/2020\/10\/Ejesdetrabajo-04-e1602801171139.png",7301,1953,false],"thumbnail":["https:\/\/habitatnicaragua.org\/wp-content\/uploads\/2020\/10\/Ejesdetrabajo-04-e1602801171139-150x150.png",150,150,true],"medium":["https:\/\/habitatnicaragua.org\/wp-content\/uploads\/2020\/10\/Ejesdetrabajo-04-e1602801171139-300x80.png",300,80,true],"large":["https:\/\/habitatnicaragua.org\/wp-content\/uploads\/2020\/10\/Ejesdetrabajo-04-e1602801171139-1024x274.png",860,230,true],"1536x1536":["https:\/\/habitatnicaragua.org\/wp-content\/uploads\/2020\/10\/Ejesdetrabajo-04-e1602801171139-1536x411.png",1536,411,true],"2048x2048":["https:\/\/habitatnicaragua.org\/wp-content\/uploads\/2020\/10\/Ejesdetrabajo-04-e1602801171139-2048x548.png",2048,548,true],"small-header":["https:\/\/habitatnicaragua.org\/wp-content\/uploads\/2020\/10\/Ejesdetrabajo-04-e1602801171139-1800x220.png",1800,220,true],"small-event":["https:\/\/habitatnicaragua.org\/wp-content\/uploads\/2020\/10\/Ejesdetrabajo-04-e1602801171139-100x85.png",100,85,true],"medium-event":["https:\/\/habitatnicaragua.org\/wp-content\/uploads\/2020\/10\/Ejesdetrabajo-04-e1602801171139-270x150.png",270,150,true],"large-event":["https:\/\/habitatnicaragua.org\/wp-content\/uploads\/2020\/10\/Ejesdetrabajo-04-e1602801171139-770x330.png",770,330,true],"large-event-2":["https:\/\/habitatnicaragua.org\/wp-content\/uploads\/2020\/10\/Ejesdetrabajo-04-e1602801171139-540x440.png",540,440,true],"document-thumb":["https:\/\/habitatnicaragua.org\/wp-content\/uploads\/2020\/10\/Ejesdetrabajo-04-e1602801171139-400x107.png",400,107,true],"gallery-full":["https:\/\/habitatnicaragua.org\/wp-content\/uploads\/2020\/10\/Ejesdetrabajo-04-e1602801171139-1660x880.png",1660,880,true],"gallery-thumb":["https:\/\/habitatnicaragua.org\/wp-content\/uploads\/2020\/10\/Ejesdetrabajo-04-e1602801171139-540x330.png",540,330,true],"cause-medium":["https:\/\/habitatnicaragua.org\/wp-content\/uploads\/2020\/10\/Ejesdetrabajo-04-e1602801171139-900x525.png",900,525,true],"staff-home":["https:\/\/habitatnicaragua.org\/wp-content\/uploads\/2020\/10\/Ejesdetrabajo-04-e1602801171139-292x248.png",292,248,true],"woocommerce_thumbnail":["https:\/\/habitatnicaragua.org\/wp-content\/uploads\/2020\/10\/Ejesdetrabajo-04-e1602801171139-300x300.png",300,300,true],"woocommerce_single":["https:\/\/habitatnicaragua.org\/wp-content\/uploads\/2020\/10\/Ejesdetrabajo-04-e1602801171139-600x160.png",600,160,true],"woocommerce_gallery_thumbnail":["https:\/\/habitatnicaragua.org\/wp-content\/uploads\/2020\/10\/Ejesdetrabajo-04-e1602801171139-100x100.png",100,100,true]},"rttpg_author":{"display_name":"Victor Solano","author_link":"https:\/\/habitatnicaragua.org\/en\/author\/v1ct0rs0ln0\/"},"rttpg_comment":0,"rttpg_category":null,"rttpg_excerpt":"We support the social production of habitat through various modalities: We support subsidized housing improvement within the framework of projects for families living in extreme poverty in specific communities, developed in partnership with other national and international actors, private and public sector, among others.\u00a0We give priority to housing for generating income families where women areLeer&hellip;","_links":{"self":[{"href":"https:\/\/habitatnicaragua.org\/en\/wp-json\/wp\/v2\/pages\/1751","targetHints":{"allow":["GET"]}}],"collection":[{"href":"https:\/\/habitatnicaragua.org\/en\/wp-json\/wp\/v2\/pages"}],"about":[{"href":"https:\/\/habitatnicaragua.org\/en\/wp-json\/wp\/v2\/types\/page"}],"author":[{"embeddable":true,"href":"https:\/\/habitatnicaragua.org\/en\/wp-json\/wp\/v2\/users\/2"}],"replies":[{"embeddable":true,"href":"https:\/\/habitatnicaragua.org\/en\/wp-json\/wp\/v2\/comments?post=1751"}],"version-history":[{"count":0,"href":"https:\/\/habitatnicaragua.org\/en\/wp-json\/wp\/v2\/pages\/1751\/revisions"}],"wp:featuredmedia":[{"embeddable":true,"href":"https:\/\/habitatnicaragua.org\/en\/wp-json\/wp\/v2\/media\/14581"}],"wp:attachment":[{"href":"https:\/\/habitatnicaragua.org\/en\/wp-json\/wp\/v2\/media?parent=1751"}],"curies":[{"name":"wp","href":"https:\/\/api.w.org\/{rel}","templated":true}]}}