{"id":1742,"date":"2019-01-20T08:36:44","date_gmt":"2019-01-20T08:36:44","guid":{"rendered":"http:\/\/ctivmexico.org\/?page_id=1742"},"modified":"2025-12-08T18:23:14","modified_gmt":"2025-12-09T00:23:14","slug":"nuestro-equipo","status":"publish","type":"page","link":"https:\/\/habitatnicaragua.org\/en\/nuestro-equipo\/","title":{"rendered":"Our team"},"content":{"rendered":"<h2 style=\"text-align: center;\"><strong>Habitat for Humanity Nicaragua consists of the following areas<\/strong>:<\/h2>\n<div class=\"divEqipo\">\n<div class=\"divEqipo\">\n<div class=\"row grey\" style=\"\"> <div class=\"large-8 columns\" style=\"\">\n<h3><strong>Zulma Espinoza Bejarano, Housing Solutions Coordinator\u00a0<\/strong><\/h3>\n<p>Architect with a specialization in Climate Change. Experience in formulation, direction and management of social interest housing projects. She is currently the coordinator of Housing Solutions.<\/p>\n<\/div><div class=\"large-4 columns\" style=\"\"><img loading=\"lazy\" decoding=\"async\" class=\"aligncenter wp-image-16500 size-full\" src=\"https:\/\/habitatnicaragua.org\/wp-content\/uploads\/2023\/02\/zulma-habitat-nicaragua.jpg\" alt=\"\" width=\"200\" height=\"300\" \/><\/div><div class=\"large-8 columns\" style=\"\">\n<h3><strong>Luis Marenco S\u00e1nchez, General Accountant\u00a0<\/strong><\/h3>\n<\/div><div class=\"large-4 columns\" style=\"\"><img loading=\"lazy\" decoding=\"async\" class=\"aligncenter wp-image-16499 size-full\" src=\"https:\/\/habitatnicaragua.org\/wp-content\/uploads\/2023\/02\/luis-habitat-nicaragua.jpg\" alt=\"\" width=\"200\" height=\"300\" \/><\/div><div class=\"large-8 columns\" style=\"\">\n<h3><strong>Martha Palacio &#8211; Administrative assistant<\/strong><\/h3>\n<p>With more than 14 years of collaborating with Habitat. Business administrator and currently administrative assistant.<\/p>\n<\/div><div class=\"large-4 columns\" style=\"\">\n<p><img loading=\"lazy\" decoding=\"async\" class=\"wp-image-16521 size-full aligncenter\" src=\"https:\/\/habitatnicaragua.org\/wp-content\/uploads\/2023\/09\/martha-habitat-nicaragua.jpg\" alt=\"\" width=\"200\" height=\"300\" \/><\/p>\n<\/div><div class=\"large-8 columns\" style=\"\">\n<h3><strong>\u00c1lvaro Barreda Lazo \u2013 Technical Supervisor\u00a0<\/strong><\/h3>\n<\/div><div class=\"large-4 columns\" style=\"\"><img loading=\"lazy\" decoding=\"async\" class=\"aligncenter wp-image-16481 size-full\" src=\"https:\/\/habitatnicaragua.org\/wp-content\/uploads\/2023\/01\/alvaro-habitat-nicaragua.jpg\" alt=\"\" width=\"200\" height=\"300\" \/><\/div>\n<div class=\"large-8 columns\" style=\"\">\n<h3><strong>Freddy Barrios Berm\u00fadez \u2013 Finance Assistant\u00a0<\/strong><\/h3>\n<\/div><div class=\"large-4 columns\" style=\"\"><img loading=\"lazy\" decoding=\"async\" class=\"aligncenter wp-image-16482 size-full\" src=\"https:\/\/habitatnicaragua.org\/wp-content\/uploads\/2023\/01\/freddy-habitat-nicaragua.jpg\" alt=\"\" width=\"200\" height=\"300\" \/><\/div>\n<div class=\"large-8 columns\" style=\"\">\n<h3><strong>Nestor Narvaez Murillo \u2013 Driver Courier <\/strong><\/h3>\n<\/div><div class=\"large-4 columns\" style=\"\"><img loading=\"lazy\" decoding=\"async\" class=\"aligncenter wp-image-16483 size-full\" src=\"https:\/\/habitatnicaragua.org\/wp-content\/uploads\/2023\/01\/nestor-habitat-nicaragua.jpg\" alt=\"\" width=\"200\" height=\"300\" \/><\/div>\n<div class=\"large-8 columns\" style=\"\">\n<h3><strong>Rogelio Bland\u00f3n \u2013 Accounting assistant<\/strong><\/h3>\n<\/div><div class=\"large-4 columns\" style=\"\">\n<p><img loading=\"lazy\" decoding=\"async\" class=\"wp-image-16522 size-full aligncenter\" src=\"https:\/\/habitatnicaragua.org\/wp-content\/uploads\/2023\/09\/rogelio-habitat-nicaragua.jpg\" alt=\"\" width=\"200\" height=\"300\" \/><\/p>\n<p>&nbsp;<\/p>\n<\/div>\n<div class=\"large-8 columns\" style=\"\"><\/div>\n <\/div>\n<\/div>\n<\/div>\n<p>&nbsp;<\/p>\n<p>&nbsp;<\/p>\n<div class=\"divEqipo\">\n<p>&nbsp;<\/p>\n<\/div>","protected":false},"excerpt":{"rendered":"<p>Habitat for Humanity Nicaragua consists of the following areas: &nbsp; &nbsp; &nbsp;<\/p>\n","protected":false},"author":2,"featured_media":16309,"parent":0,"menu_order":0,"comment_status":"closed","ping_status":"closed","template":"","meta":{"_acf_changed":false,"_exactmetrics_skip_tracking":false,"_exactmetrics_sitenote_active":false,"_exactmetrics_sitenote_note":"","_exactmetrics_sitenote_category":0,"footnotes":""},"class_list":["post-1742","page","type-page","status-publish","has-post-thumbnail","hentry"],"acf":[],"yoast_head":"<!-- This site is optimized with the Yoast SEO plugin v26.6 - https:\/\/yoast.com\/wordpress\/plugins\/seo\/ -->\n<title>H\u00e1bitat para la Humanidad Nicaragua<\/title>\n<meta name=\"description\" content=\"H\u00e1bitat para la Humanidad Nicaragua es una organizaci\u00f3n sin fines de lucro, que aboga y trabaja por el derecho a la vivienda digna y a la mejora sostenible del h\u00e1bitat comunitario\" \/>\n<meta name=\"robots\" content=\"noindex, follow, max-snippet:-1, max-image-preview:large, max-video-preview:-1\" \/>\n<meta property=\"og:locale\" content=\"en_US\" \/>\n<meta property=\"og:type\" content=\"article\" \/>\n<meta property=\"og:title\" content=\"H\u00e1bitat para la Humanidad Nicaragua\" \/>\n<meta property=\"og:description\" content=\"H\u00e1bitat para la Humanidad Nicaragua es una organizaci\u00f3n sin fines de lucro, que aboga y trabaja por el derecho a la vivienda digna y a la mejora sostenible del h\u00e1bitat comunitario\" \/>\n<meta property=\"og:url\" content=\"https:\/\/habitatnicaragua.org\/en\/nuestro-equipo\/\" \/>\n<meta property=\"og:site_name\" content=\"H\u00e1bitat para la Humanidad Nicaragua\" \/>\n<meta property=\"article:modified_time\" content=\"2025-12-09T00:23:14+00:00\" \/>\n<meta property=\"og:image\" content=\"http:\/\/habitatnicaragua.org\/wp-content\/uploads\/2022\/07\/IMG_7242.jpg\" \/>\n\t<meta property=\"og:image:width\" content=\"1800\" \/>\n\t<meta property=\"og:image:height\" content=\"1200\" \/>\n\t<meta property=\"og:image:type\" content=\"image\/jpeg\" \/>\n<meta name=\"twitter:card\" content=\"summary_large_image\" \/>\n<meta name=\"twitter:label1\" content=\"Est. reading time\" \/>\n\t<meta name=\"twitter:data1\" content=\"3 minutes\" \/>\n<script type=\"application\/ld+json\" class=\"yoast-schema-graph\">{\"@context\":\"https:\/\/schema.org\",\"@graph\":[{\"@type\":\"WebPage\",\"@id\":\"https:\/\/habitatnicaragua.org\/en\/nuestro-equipo\/\",\"url\":\"https:\/\/habitatnicaragua.org\/en\/nuestro-equipo\/\",\"name\":\"H\u00e1bitat para la Humanidad Nicaragua\",\"isPartOf\":{\"@id\":\"https:\/\/habitatnicaragua.org\/en\/#website\"},\"primaryImageOfPage\":{\"@id\":\"https:\/\/habitatnicaragua.org\/en\/nuestro-equipo\/#primaryimage\"},\"image\":{\"@id\":\"https:\/\/habitatnicaragua.org\/nuestro-equipo\/#primaryimage\"},\"thumbnailUrl\":\"https:\/\/habitatnicaragua.org\/wp-content\/uploads\/2022\/07\/IMG_7242.jpg\",\"datePublished\":\"2019-01-20T08:36:44+00:00\",\"dateModified\":\"2025-12-09T00:23:14+00:00\",\"description\":\"H\u00e1bitat para la Humanidad Nicaragua es una organizaci\u00f3n sin fines de lucro, que aboga y trabaja por el derecho a la vivienda digna y a la mejora sostenible del h\u00e1bitat comunitario\",\"breadcrumb\":{\"@id\":\"https:\/\/habitatnicaragua.org\/en\/nuestro-equipo\/#breadcrumb\"},\"inLanguage\":\"en-US\",\"potentialAction\":[{\"@type\":\"ReadAction\",\"target\":[[\"https:\/\/habitatnicaragua.org\/en\/nuestro-equipo\/\"]]}]},{\"@type\":\"ImageObject\",\"inLanguage\":\"en-US\",\"@id\":\"https:\/\/habitatnicaragua.org\/en\/nuestro-equipo\/#primaryimage\",\"url\":\"https:\/\/habitatnicaragua.org\/wp-content\/uploads\/2022\/07\/IMG_7242.jpg\",\"contentUrl\":\"https:\/\/habitatnicaragua.org\/wp-content\/uploads\/2022\/07\/IMG_7242.jpg\",\"width\":1800,\"height\":1200},{\"@type\":\"BreadcrumbList\",\"@id\":\"https:\/\/habitatnicaragua.org\/en\/nuestro-equipo\/#breadcrumb\",\"itemListElement\":[{\"@type\":\"ListItem\",\"position\":1,\"name\":\"Portada\",\"item\":\"https:\/\/habitatnicaragua.org\/en\/\"},{\"@type\":\"ListItem\",\"position\":2,\"name\":\"Nuestro equipo\"}]},{\"@type\":\"WebSite\",\"@id\":\"https:\/\/habitatnicaragua.org\/en\/#website\",\"url\":\"https:\/\/habitatnicaragua.org\/en\/\",\"name\":\"H\u00e1bitat para la Humanidad Nicaragua\",\"description\":\"\",\"publisher\":{\"@id\":\"https:\/\/habitatnicaragua.org\/en\/#organization\"},\"potentialAction\":[{\"@type\":\"SearchAction\",\"target\":{\"@type\":\"EntryPoint\",\"urlTemplate\":\"https:\/\/habitatnicaragua.org\/en\/?s={search_term_string}\"},\"query-input\":{\"@type\":\"PropertyValueSpecification\",\"valueRequired\":true,\"valueName\":\"search_term_string\"}}],\"inLanguage\":\"en-US\"},{\"@type\":\"Organization\",\"@id\":\"https:\/\/habitatnicaragua.org\/en\/#organization\",\"name\":\"H\u00e1bitat para la Humanidad Nicaragua\",\"url\":\"https:\/\/habitatnicaragua.org\/en\/\",\"logo\":{\"@type\":\"ImageObject\",\"inLanguage\":\"en-US\",\"@id\":\"https:\/\/habitatnicaragua.org\/en\/#\/schema\/logo\/image\/\",\"url\":\"https:\/\/habitatnicaragua.org\/wp-content\/uploads\/2016\/07\/photo_large.jpg\",\"contentUrl\":\"https:\/\/habitatnicaragua.org\/wp-content\/uploads\/2016\/07\/photo_large.jpg\",\"width\":160,\"height\":160,\"caption\":\"H\u00e1bitat para la Humanidad Nicaragua\"},\"image\":{\"@id\":\"https:\/\/habitatnicaragua.org\/en\/#\/schema\/logo\/image\/\"}}]}<\/script>\n<!-- \/ Yoast SEO plugin. -->","yoast_head_json":{"title":"H\u00e1bitat para la Humanidad Nicaragua","description":"H\u00e1bitat para la Humanidad Nicaragua es una organizaci\u00f3n sin fines de lucro, que aboga y trabaja por el derecho a la vivienda digna y a la mejora sostenible del h\u00e1bitat comunitario","robots":{"index":"noindex","follow":"follow","max-snippet":"max-snippet:-1","max-image-preview":"max-image-preview:large","max-video-preview":"max-video-preview:-1"},"og_locale":"en_US","og_type":"article","og_title":"H\u00e1bitat para la Humanidad Nicaragua","og_description":"H\u00e1bitat para la Humanidad Nicaragua es una organizaci\u00f3n sin fines de lucro, que aboga y trabaja por el derecho a la vivienda digna y a la mejora sostenible del h\u00e1bitat comunitario","og_url":"https:\/\/habitatnicaragua.org\/en\/nuestro-equipo\/","og_site_name":"H\u00e1bitat para la Humanidad Nicaragua","article_modified_time":"2025-12-09T00:23:14+00:00","og_image":[{"width":1800,"height":1200,"url":"http:\/\/habitatnicaragua.org\/wp-content\/uploads\/2022\/07\/IMG_7242.jpg","type":"image\/jpeg"}],"twitter_card":"summary_large_image","twitter_misc":{"Est. reading time":"3 minutes"},"schema":{"@context":"https:\/\/schema.org","@graph":[{"@type":"WebPage","@id":"https:\/\/habitatnicaragua.org\/en\/nuestro-equipo\/","url":"https:\/\/habitatnicaragua.org\/en\/nuestro-equipo\/","name":"H\u00e1bitat para la Humanidad Nicaragua","isPartOf":{"@id":"https:\/\/habitatnicaragua.org\/en\/#website"},"primaryImageOfPage":{"@id":"https:\/\/habitatnicaragua.org\/en\/nuestro-equipo\/#primaryimage"},"image":{"@id":"https:\/\/habitatnicaragua.org\/nuestro-equipo\/#primaryimage"},"thumbnailUrl":"https:\/\/habitatnicaragua.org\/wp-content\/uploads\/2022\/07\/IMG_7242.jpg","datePublished":"2019-01-20T08:36:44+00:00","dateModified":"2025-12-09T00:23:14+00:00","description":"H\u00e1bitat para la Humanidad Nicaragua es una organizaci\u00f3n sin fines de lucro, que aboga y trabaja por el derecho a la vivienda digna y a la mejora sostenible del h\u00e1bitat comunitario","breadcrumb":{"@id":"https:\/\/habitatnicaragua.org\/en\/nuestro-equipo\/#breadcrumb"},"inLanguage":"en-US","potentialAction":[{"@type":"ReadAction","target":[["https:\/\/habitatnicaragua.org\/en\/nuestro-equipo\/"]]}]},{"@type":"ImageObject","inLanguage":"en-US","@id":"https:\/\/habitatnicaragua.org\/en\/nuestro-equipo\/#primaryimage","url":"https:\/\/habitatnicaragua.org\/wp-content\/uploads\/2022\/07\/IMG_7242.jpg","contentUrl":"https:\/\/habitatnicaragua.org\/wp-content\/uploads\/2022\/07\/IMG_7242.jpg","width":1800,"height":1200},{"@type":"BreadcrumbList","@id":"https:\/\/habitatnicaragua.org\/en\/nuestro-equipo\/#breadcrumb","itemListElement":[{"@type":"ListItem","position":1,"name":"Portada","item":"https:\/\/habitatnicaragua.org\/en\/"},{"@type":"ListItem","position":2,"name":"Nuestro equipo"}]},{"@type":"WebSite","@id":"https:\/\/habitatnicaragua.org\/en\/#website","url":"https:\/\/habitatnicaragua.org\/en\/","name":"H\u00e1bitat para la Humanidad Nicaragua","description":"","publisher":{"@id":"https:\/\/habitatnicaragua.org\/en\/#organization"},"potentialAction":[{"@type":"SearchAction","target":{"@type":"EntryPoint","urlTemplate":"https:\/\/habitatnicaragua.org\/en\/?s={search_term_string}"},"query-input":{"@type":"PropertyValueSpecification","valueRequired":true,"valueName":"search_term_string"}}],"inLanguage":"en-US"},{"@type":"Organization","@id":"https:\/\/habitatnicaragua.org\/en\/#organization","name":"H\u00e1bitat para la Humanidad Nicaragua","url":"https:\/\/habitatnicaragua.org\/en\/","logo":{"@type":"ImageObject","inLanguage":"en-US","@id":"https:\/\/habitatnicaragua.org\/en\/#\/schema\/logo\/image\/","url":"https:\/\/habitatnicaragua.org\/wp-content\/uploads\/2016\/07\/photo_large.jpg","contentUrl":"https:\/\/habitatnicaragua.org\/wp-content\/uploads\/2016\/07\/photo_large.jpg","width":160,"height":160,"caption":"H\u00e1bitat para la Humanidad Nicaragua"},"image":{"@id":"https:\/\/habitatnicaragua.org\/en\/#\/schema\/logo\/image\/"}}]}},"rttpg_featured_image_url":{"full":["https:\/\/habitatnicaragua.org\/wp-content\/uploads\/2022\/07\/IMG_7242.jpg",1800,1200,false],"landscape":["https:\/\/habitatnicaragua.org\/wp-content\/uploads\/2022\/07\/IMG_7242.jpg",1800,1200,false],"portraits":["https:\/\/habitatnicaragua.org\/wp-content\/uploads\/2022\/07\/IMG_7242.jpg",1800,1200,false],"thumbnail":["https:\/\/habitatnicaragua.org\/wp-content\/uploads\/2022\/07\/IMG_7242-150x150.jpg",150,150,true],"medium":["https:\/\/habitatnicaragua.org\/wp-content\/uploads\/2022\/07\/IMG_7242-300x200.jpg",300,200,true],"large":["https:\/\/habitatnicaragua.org\/wp-content\/uploads\/2022\/07\/IMG_7242-1024x683.jpg",860,574,true],"1536x1536":["https:\/\/habitatnicaragua.org\/wp-content\/uploads\/2022\/07\/IMG_7242-1536x1024.jpg",1536,1024,true],"2048x2048":["https:\/\/habitatnicaragua.org\/wp-content\/uploads\/2022\/07\/IMG_7242.jpg",1800,1200,false],"small-header":["https:\/\/habitatnicaragua.org\/wp-content\/uploads\/2022\/07\/IMG_7242-1800x220.jpg",1800,220,true],"small-event":["https:\/\/habitatnicaragua.org\/wp-content\/uploads\/2022\/07\/IMG_7242-100x85.jpg",100,85,true],"medium-event":["https:\/\/habitatnicaragua.org\/wp-content\/uploads\/2022\/07\/IMG_7242-270x150.jpg",270,150,true],"large-event":["https:\/\/habitatnicaragua.org\/wp-content\/uploads\/2022\/07\/IMG_7242-770x330.jpg",770,330,true],"large-event-2":["https:\/\/habitatnicaragua.org\/wp-content\/uploads\/2022\/07\/IMG_7242-540x440.jpg",540,440,true],"document-thumb":["https:\/\/habitatnicaragua.org\/wp-content\/uploads\/2022\/07\/IMG_7242-400x267.jpg",400,267,true],"gallery-full":["https:\/\/habitatnicaragua.org\/wp-content\/uploads\/2022\/07\/IMG_7242-1660x880.jpg",1660,880,true],"gallery-thumb":["https:\/\/habitatnicaragua.org\/wp-content\/uploads\/2022\/07\/IMG_7242-540x330.jpg",540,330,true],"cause-medium":["https:\/\/habitatnicaragua.org\/wp-content\/uploads\/2022\/07\/IMG_7242-900x525.jpg",900,525,true],"staff-home":["https:\/\/habitatnicaragua.org\/wp-content\/uploads\/2022\/07\/IMG_7242-292x248.jpg",292,248,true],"woocommerce_thumbnail":["https:\/\/habitatnicaragua.org\/wp-content\/uploads\/2022\/07\/IMG_7242-300x300.jpg",300,300,true],"woocommerce_single":["https:\/\/habitatnicaragua.org\/wp-content\/uploads\/2022\/07\/IMG_7242-600x400.jpg",600,400,true],"woocommerce_gallery_thumbnail":["https:\/\/habitatnicaragua.org\/wp-content\/uploads\/2022\/07\/IMG_7242-100x100.jpg",100,100,true]},"rttpg_author":{"display_name":"Victor Solano","author_link":"https:\/\/habitatnicaragua.org\/en\/author\/v1ct0rs0ln0\/"},"rttpg_comment":0,"rttpg_category":null,"rttpg_excerpt":"Habitat for Humanity Nicaragua consists of the following areas: &nbsp; &nbsp; &nbsp;","_links":{"self":[{"href":"https:\/\/habitatnicaragua.org\/en\/wp-json\/wp\/v2\/pages\/1742","targetHints":{"allow":["GET"]}}],"collection":[{"href":"https:\/\/habitatnicaragua.org\/en\/wp-json\/wp\/v2\/pages"}],"about":[{"href":"https:\/\/habitatnicaragua.org\/en\/wp-json\/wp\/v2\/types\/page"}],"author":[{"embeddable":true,"href":"https:\/\/habitatnicaragua.org\/en\/wp-json\/wp\/v2\/users\/2"}],"replies":[{"embeddable":true,"href":"https:\/\/habitatnicaragua.org\/en\/wp-json\/wp\/v2\/comments?post=1742"}],"version-history":[{"count":2,"href":"https:\/\/habitatnicaragua.org\/en\/wp-json\/wp\/v2\/pages\/1742\/revisions"}],"predecessor-version":[{"id":16727,"href":"https:\/\/habitatnicaragua.org\/en\/wp-json\/wp\/v2\/pages\/1742\/revisions\/16727"}],"wp:featuredmedia":[{"embeddable":true,"href":"https:\/\/habitatnicaragua.org\/en\/wp-json\/wp\/v2\/media\/16309"}],"wp:attachment":[{"href":"https:\/\/habitatnicaragua.org\/en\/wp-json\/wp\/v2\/media?parent=1742"}],"curies":[{"name":"wp","href":"https:\/\/api.w.org\/{rel}","templated":true}]}}