{"id":1740,"date":"2019-01-20T08:36:18","date_gmt":"2019-01-20T08:36:18","guid":{"rendered":"http:\/\/ctivmexico.org\/?page_id=1740"},"modified":"2021-02-10T19:06:10","modified_gmt":"2021-02-11T01:06:10","slug":"donde-trabajamos","status":"publish","type":"page","link":"http:\/\/habitatnicaragua.org\/en\/donde-trabajamos\/","title":{"rendered":"Where we work?"},"content":{"rendered":"Our projects are being developed in the following locations<\/p>\n<style>#sp-ea-13595 .spcollapsing { height: 0; overflow: hidden; transition-property: height;transition-duration: 500ms;}#sp-ea-13595.sp-easy-accordion>.sp-ea-single {margin-bottom: 10px; border: 1px solid #e2e2e2; }#sp-ea-13595.sp-easy-accordion>.sp-ea-single>.ea-header a {color: #444;}#sp-ea-13595.sp-easy-accordion>.sp-ea-single>.sp-collapse>.ea-body {background: #fff; color: #444;}#sp-ea-13595.sp-easy-accordion>.sp-ea-single {background: #eee;}#sp-ea-13595.sp-easy-accordion>.sp-ea-single>.ea-header a .ea-expand-icon { float: left; color: #444;font-size: 16px;}<\/style><div id=\"sp_easy_accordion-1776503792\"><div id=\"sp-ea-13595\" class=\"sp-ea-one sp-easy-accordion\" data-ea-active=\"ea-click\" data-ea-mode=\"vertical\" data-preloader=\"\" data-scroll-active-item=\"\" data-offset-to-scroll=\"0\"><div class=\"ea-card sp-ea-single\"><h3 class=\"ea-header\"><a class=\"collapsed\" id=\"ea-header-135950\" role=\"button\" data-sptoggle=\"spcollapse\" data-sptarget=\"#collapse135950\" aria-controls=\"collapse135950\" href=\"#\" aria-expanded=\"false\" tabindex=\"0\"><i aria-hidden=\"true\" role=\"presentation\" class=\"ea-expand-icon eap-icon-ea-expand-plus\"><\/i> San Cayetano community<\/a><\/h3><div class=\"sp-collapse spcollapse spcollapse\" id=\"collapse135950\" data-parent=\"#sp-ea-13595\" role=\"region\" aria-labelledby=\"ea-header-135950\"> <div class=\"ea-body\"><h2><strong>Situation of the community<\/strong><\/h2><p>The community was founded around the year 1900 and is located about 51 kilometers to the southwest of the city of Managua, on the road to Masachapa.\u00a0According to the 2005 national census, it has the following characteristics:<\/p><ul><li>1 600 inhabitants: 689 (50.48%) men and 676 (49.52%) women.<\/li><li>Land area of 4 km\u00a0<sup>2<\/sup>\u00a0\u00a0with a population density of 400 hab \/ km\u00a0<sup>2<\/sup>\u00a0.<\/li><li>At the time of the census, there were 316 houses, of which 281 were occupied.<\/li><li>More than 5 people per household on average, a large number of homes there is some degree of overcrowding.<\/li><li>77.4% of households in poverty or extreme poverty in quadrant 1 of the municipality, where is San Cayetano.<\/li><\/ul><p>According to the diagnosis made by Habitat for Humanity Nicaragua with organizations and community leaders in 2011, has the following characteristics:<\/p><ul><li>282 occupied dwellings surveyed.<\/li><li>In 22% of these homes two or more households, overcrowding signal meet.<\/li><li>Several homes in poor condition requiring total replacement.<\/li><li>Lack of sanitary sewer, existence of latrines in poor condition, poor management of waste household and gray water from the population, which deteriorates the environmental and sanitation conditions in the community as well as the streets pouring in these the wastewater.<\/li><\/ul><h2>Intervention Habitat for Humanity Nicaragua<\/h2><p>From the diagnosis, a community plan was developed to address the most important issues.\u00a0One of the measures was the development of a housing improvement project.\u00a0In support of this plan, Habitat for Humanity Nicaragua implemented since 2013 a program to improve housing, which in June 2016 had built in three phases, 105 basic modules progressive, called \"seed houses\": 24 in phase 1 , 42 in phase 2 and phase 3 39.<\/p><p>From June 2015 to January 2016 Habitat for Humanity Nicaragua, with support from the programs\u00a0\u00a0<em>Women Build\u00a0<\/em>\u00a0and\u00a0\u00a0<em>Cars for Homes\u00a0<\/em>\u00a0Habitat for Humanity International, 100 ecoba\u00f1os were installed to as many families, 89 of which were for families and they had received a seed housing.\u00a0This increased the impact on improving their housing conditions and 31% sanitation coverage was achieved in the community.\u00a0During 2017 we have built 51 ecoba\u00f1os in the community ..<\/p><p>In these works, especially in the construction of homes, they participated national and international volunteers from Habitat.<\/p><p>These families also have benefited from services access to housing, where they are trained in Safe Housing, Healthy Housing, Housing Law, Financial Education and Legal Security in ownership of property.<\/p><\/div><\/div><\/div><div class=\"ea-card sp-ea-single\"><h3 class=\"ea-header\"><a class=\"collapsed\" id=\"ea-header-135951\" role=\"button\" data-sptoggle=\"spcollapse\" data-sptarget=\"#collapse135951\" aria-controls=\"collapse135951\" href=\"#\" aria-expanded=\"false\" tabindex=\"0\"><i aria-hidden=\"true\" role=\"presentation\" class=\"ea-expand-icon eap-icon-ea-expand-plus\"><\/i> Guti\u00e9rrez Norte<\/a><\/h3><div class=\"sp-collapse spcollapse spcollapse\" id=\"collapse135951\" data-parent=\"#sp-ea-13595\" role=\"region\" aria-labelledby=\"ea-header-135951\"> <div class=\"ea-body\"><h2><strong><span>Situation of the community<\/span><\/strong><\/h2><p><span>It is located 10 km to the east of San Cayetano.\u00a0According to data from the census taken by the city government and community leaders in 2015, it has the following characteristics.<\/span><\/p><ul><li><span>2974 inhabitants, 48% (1,426) are men and 52% (1548) women.<\/span><\/li><li><span>39% are 16 or less, 42% are between 17 and 49, and 19% are 50 or older.<\/span><\/li><li><span>There are 737 housing units, of which 320 (43%) have dirt floors, 732 (99%) zinc roofs, 545 (74%) have block walls and 175 (24%) wooden walls.\u00a0However, most of these materials are in poor condition with serious constructive deficiencies.<\/span><\/li><\/ul><p><span>According to the 2005 national census and the information gathered by Habitat in the community, it has the following characteristics:<\/span><\/p><ul><li><span>It is located in quadrant 1 San Rafael of the South, where 77.4% of households are in poverty and extreme poverty.<\/span><\/li><li><span>Only 48% of the economically active population has permanent and formal employment.<\/span><\/li><li><span>Many work, temporary jobs and small businesses in the informal sector: small factories lime, cut coffee between December and February, cutting cane from November to March.\u00a0Small crops of survival, especially vegetables sold in the municipal head.\u00a0There are also about 23 carpentry workshops that manufacture rustic furniture to sell in the capital, and women engaged in the production and sale of baked tortillas, a specialty of the area.<\/span><\/li><li><span>In 2015, ENACAL inaugurated a drinking water project, where a new well drilled and installed 59 new household connections.\u00a0This system serves the community for 17 hours every other day.<\/span><\/li><li><span>There is a strong community leadership, which can be an important support for any project.<\/span><\/li><li><span>There is no drainage system or sewer in the community, virtually all households use traditional latrines, many in poor condition, which pollute the groundwater and aquifers in the area.<\/span><\/li><\/ul><h2><span>Intervention Habitat for Humanity Nicaragua<\/span><\/h2><p><span>In 2016 the mayor initiated a project of 150 homes in several communities in the municipality.\u00a0Habitat for Humanity Nicaragua agreed to provide US $ 600 per household, and installing ecoba\u00f1os improve sanitation in 59 of those homes, a project that is currently running.<\/span><\/p><p><span>Habitat for Humanity Nicaragua made a diagnosis of risks using the methodology and raising PASSA risk map with community leaders.<\/span><\/p><p><span>Participating families in housing and sanitation projects are also receiving training in self-construction, use and maintenance of ecoba\u00f1os, Housing Law, Financial Education, and Housing SJTP Segura, in addition to the process Healthy Housing sanitation.<\/span><\/p><\/div><\/div><\/div><div class=\"ea-card sp-ea-single\"><h3 class=\"ea-header\"><a class=\"collapsed\" id=\"ea-header-135952\" role=\"button\" data-sptoggle=\"spcollapse\" data-sptarget=\"#collapse135952\" aria-controls=\"collapse135952\" href=\"#\" aria-expanded=\"false\" tabindex=\"0\"><i aria-hidden=\"true\" role=\"presentation\" class=\"ea-expand-icon eap-icon-ea-expand-plus\"><\/i> Communities where we collaborate in housing projects of the Municipalities<\/a><\/h3><div class=\"sp-collapse spcollapse spcollapse\" id=\"collapse135952\" data-parent=\"#sp-ea-13595\" role=\"region\" aria-labelledby=\"ea-header-135952\"> <div class=\"ea-body\"><ul><li>San Rafael del Sur<\/li><li>San Rafael del Norte<\/li><li>San Juan de Limay<\/li><li>San Nicol\u00e1s<\/li><li>Mozonte<\/li><li>San Fernando<\/li><li>El J\u00edcaro<\/li><\/ul><\/div><\/div><\/div><\/div><\/div>\n<p><iframe loading=\"lazy\" src=\"https:\/\/www.google.com\/maps\/d\/u\/0\/embed?mid=1f--vMzMCbv2Lycb92NoDF5CAQo8WNAup\" width=\"100%\" height=\"480\"><\/iframe>","protected":false},"excerpt":{"rendered":"<p>Our projects are being developed in the following locations<\/p>\n","protected":false},"author":2,"featured_media":2216,"parent":0,"menu_order":0,"comment_status":"closed","ping_status":"closed","template":"","meta":{"_acf_changed":false,"_exactmetrics_skip_tracking":false,"_exactmetrics_sitenote_active":false,"_exactmetrics_sitenote_note":"","_exactmetrics_sitenote_category":0,"footnotes":""},"class_list":["post-1740","page","type-page","status-publish","has-post-thumbnail","hentry"],"acf":[],"yoast_head":"<!-- This site is optimized with the Yoast SEO plugin v26.6 - https:\/\/yoast.com\/wordpress\/plugins\/seo\/ -->\n<title>H\u00e1bitat para la Humanidad Nicaragua<\/title>\n<meta name=\"description\" content=\"H\u00e1bitat para la Humanidad Nicaragua es una organizaci\u00f3n sin fines de lucro, que aboga y trabaja por el derecho a la vivienda digna y a la mejora sostenible del h\u00e1bitat comunitario\" \/>\n<meta name=\"robots\" content=\"noindex, follow, max-snippet:-1, max-image-preview:large, max-video-preview:-1\" \/>\n<meta property=\"og:locale\" content=\"en_US\" \/>\n<meta property=\"og:type\" content=\"article\" \/>\n<meta property=\"og:title\" content=\"H\u00e1bitat para la Humanidad Nicaragua\" \/>\n<meta property=\"og:description\" content=\"H\u00e1bitat para la Humanidad Nicaragua es una organizaci\u00f3n sin fines de lucro, que aboga y trabaja por el derecho a la vivienda digna y a la mejora sostenible del h\u00e1bitat comunitario\" \/>\n<meta property=\"og:url\" content=\"http:\/\/habitatnicaragua.org\/en\/donde-trabajamos\/\" \/>\n<meta property=\"og:site_name\" content=\"H\u00e1bitat para la Humanidad Nicaragua\" \/>\n<meta property=\"article:modified_time\" content=\"2021-02-11T01:06:10+00:00\" \/>\n<meta property=\"og:image\" content=\"http:\/\/habitatnicaragua.org\/wp-content\/uploads\/2020\/02\/ni-c-3.jpg\" \/>\n\t<meta property=\"og:image:width\" content=\"1800\" \/>\n\t<meta property=\"og:image:height\" content=\"777\" \/>\n\t<meta property=\"og:image:type\" content=\"image\/jpeg\" \/>\n<meta name=\"twitter:card\" content=\"summary_large_image\" \/>\n<script type=\"application\/ld+json\" class=\"yoast-schema-graph\">{\"@context\":\"https:\/\/schema.org\",\"@graph\":[{\"@type\":\"WebPage\",\"@id\":\"http:\/\/habitatnicaragua.org\/en\/donde-trabajamos\/\",\"url\":\"http:\/\/habitatnicaragua.org\/en\/donde-trabajamos\/\",\"name\":\"H\u00e1bitat para la Humanidad Nicaragua\",\"isPartOf\":{\"@id\":\"http:\/\/habitatnicaragua.org\/en\/#website\"},\"primaryImageOfPage\":{\"@id\":\"http:\/\/habitatnicaragua.org\/en\/donde-trabajamos\/#primaryimage\"},\"image\":{\"@id\":\"http:\/\/habitatnicaragua.org\/en\/donde-trabajamos\/#primaryimage\"},\"thumbnailUrl\":\"http:\/\/habitatnicaragua.org\/wp-content\/uploads\/2020\/02\/ni-c-3.jpg\",\"datePublished\":\"2019-01-20T08:36:18+00:00\",\"dateModified\":\"2021-02-11T01:06:10+00:00\",\"description\":\"H\u00e1bitat para la Humanidad Nicaragua es una organizaci\u00f3n sin fines de lucro, que aboga y trabaja por el derecho a la vivienda digna y a la mejora sostenible del h\u00e1bitat comunitario\",\"breadcrumb\":{\"@id\":\"http:\/\/habitatnicaragua.org\/en\/donde-trabajamos\/#breadcrumb\"},\"inLanguage\":\"en-US\",\"potentialAction\":[{\"@type\":\"ReadAction\",\"target\":[[\"http:\/\/habitatnicaragua.org\/en\/donde-trabajamos\/\"]]}]},{\"@type\":\"ImageObject\",\"inLanguage\":\"en-US\",\"@id\":\"http:\/\/habitatnicaragua.org\/en\/donde-trabajamos\/#primaryimage\",\"url\":\"http:\/\/habitatnicaragua.org\/wp-content\/uploads\/2020\/02\/ni-c-3.jpg\",\"contentUrl\":\"http:\/\/habitatnicaragua.org\/wp-content\/uploads\/2020\/02\/ni-c-3.jpg\",\"width\":1800,\"height\":777},{\"@type\":\"BreadcrumbList\",\"@id\":\"http:\/\/habitatnicaragua.org\/en\/donde-trabajamos\/#breadcrumb\",\"itemListElement\":[{\"@type\":\"ListItem\",\"position\":1,\"name\":\"Portada\",\"item\":\"http:\/\/habitatnicaragua.org\/en\/\"},{\"@type\":\"ListItem\",\"position\":2,\"name\":\"Where we work?\"}]},{\"@type\":\"WebSite\",\"@id\":\"http:\/\/habitatnicaragua.org\/en\/#website\",\"url\":\"http:\/\/habitatnicaragua.org\/en\/\",\"name\":\"H\u00e1bitat para la Humanidad Nicaragua\",\"description\":\"\",\"publisher\":{\"@id\":\"http:\/\/habitatnicaragua.org\/en\/#organization\"},\"potentialAction\":[{\"@type\":\"SearchAction\",\"target\":{\"@type\":\"EntryPoint\",\"urlTemplate\":\"http:\/\/habitatnicaragua.org\/en\/?s={search_term_string}\"},\"query-input\":{\"@type\":\"PropertyValueSpecification\",\"valueRequired\":true,\"valueName\":\"search_term_string\"}}],\"inLanguage\":\"en-US\"},{\"@type\":\"Organization\",\"@id\":\"http:\/\/habitatnicaragua.org\/en\/#organization\",\"name\":\"H\u00e1bitat para la Humanidad Nicaragua\",\"url\":\"http:\/\/habitatnicaragua.org\/en\/\",\"logo\":{\"@type\":\"ImageObject\",\"inLanguage\":\"en-US\",\"@id\":\"http:\/\/habitatnicaragua.org\/en\/#\/schema\/logo\/image\/\",\"url\":\"https:\/\/habitatnicaragua.org\/wp-content\/uploads\/2016\/07\/photo_large.jpg\",\"contentUrl\":\"https:\/\/habitatnicaragua.org\/wp-content\/uploads\/2016\/07\/photo_large.jpg\",\"width\":160,\"height\":160,\"caption\":\"H\u00e1bitat para la Humanidad Nicaragua\"},\"image\":{\"@id\":\"http:\/\/habitatnicaragua.org\/en\/#\/schema\/logo\/image\/\"}}]}<\/script>\n<!-- \/ Yoast SEO plugin. -->","yoast_head_json":{"title":"H\u00e1bitat para la Humanidad Nicaragua","description":"H\u00e1bitat para la Humanidad Nicaragua es una organizaci\u00f3n sin fines de lucro, que aboga y trabaja por el derecho a la vivienda digna y a la mejora sostenible del h\u00e1bitat comunitario","robots":{"index":"noindex","follow":"follow","max-snippet":"max-snippet:-1","max-image-preview":"max-image-preview:large","max-video-preview":"max-video-preview:-1"},"og_locale":"en_US","og_type":"article","og_title":"H\u00e1bitat para la Humanidad Nicaragua","og_description":"H\u00e1bitat para la Humanidad Nicaragua es una organizaci\u00f3n sin fines de lucro, que aboga y trabaja por el derecho a la vivienda digna y a la mejora sostenible del h\u00e1bitat comunitario","og_url":"http:\/\/habitatnicaragua.org\/en\/donde-trabajamos\/","og_site_name":"H\u00e1bitat para la Humanidad Nicaragua","article_modified_time":"2021-02-11T01:06:10+00:00","og_image":[{"width":1800,"height":777,"url":"http:\/\/habitatnicaragua.org\/wp-content\/uploads\/2020\/02\/ni-c-3.jpg","type":"image\/jpeg"}],"twitter_card":"summary_large_image","schema":{"@context":"https:\/\/schema.org","@graph":[{"@type":"WebPage","@id":"http:\/\/habitatnicaragua.org\/en\/donde-trabajamos\/","url":"http:\/\/habitatnicaragua.org\/en\/donde-trabajamos\/","name":"H\u00e1bitat para la Humanidad Nicaragua","isPartOf":{"@id":"http:\/\/habitatnicaragua.org\/en\/#website"},"primaryImageOfPage":{"@id":"http:\/\/habitatnicaragua.org\/en\/donde-trabajamos\/#primaryimage"},"image":{"@id":"http:\/\/habitatnicaragua.org\/en\/donde-trabajamos\/#primaryimage"},"thumbnailUrl":"http:\/\/habitatnicaragua.org\/wp-content\/uploads\/2020\/02\/ni-c-3.jpg","datePublished":"2019-01-20T08:36:18+00:00","dateModified":"2021-02-11T01:06:10+00:00","description":"H\u00e1bitat para la Humanidad Nicaragua es una organizaci\u00f3n sin fines de lucro, que aboga y trabaja por el derecho a la vivienda digna y a la mejora sostenible del h\u00e1bitat comunitario","breadcrumb":{"@id":"http:\/\/habitatnicaragua.org\/en\/donde-trabajamos\/#breadcrumb"},"inLanguage":"en-US","potentialAction":[{"@type":"ReadAction","target":[["http:\/\/habitatnicaragua.org\/en\/donde-trabajamos\/"]]}]},{"@type":"ImageObject","inLanguage":"en-US","@id":"http:\/\/habitatnicaragua.org\/en\/donde-trabajamos\/#primaryimage","url":"http:\/\/habitatnicaragua.org\/wp-content\/uploads\/2020\/02\/ni-c-3.jpg","contentUrl":"http:\/\/habitatnicaragua.org\/wp-content\/uploads\/2020\/02\/ni-c-3.jpg","width":1800,"height":777},{"@type":"BreadcrumbList","@id":"http:\/\/habitatnicaragua.org\/en\/donde-trabajamos\/#breadcrumb","itemListElement":[{"@type":"ListItem","position":1,"name":"Portada","item":"http:\/\/habitatnicaragua.org\/en\/"},{"@type":"ListItem","position":2,"name":"Where we work?"}]},{"@type":"WebSite","@id":"http:\/\/habitatnicaragua.org\/en\/#website","url":"http:\/\/habitatnicaragua.org\/en\/","name":"H\u00e1bitat para la Humanidad Nicaragua","description":"","publisher":{"@id":"http:\/\/habitatnicaragua.org\/en\/#organization"},"potentialAction":[{"@type":"SearchAction","target":{"@type":"EntryPoint","urlTemplate":"http:\/\/habitatnicaragua.org\/en\/?s={search_term_string}"},"query-input":{"@type":"PropertyValueSpecification","valueRequired":true,"valueName":"search_term_string"}}],"inLanguage":"en-US"},{"@type":"Organization","@id":"http:\/\/habitatnicaragua.org\/en\/#organization","name":"H\u00e1bitat para la Humanidad Nicaragua","url":"http:\/\/habitatnicaragua.org\/en\/","logo":{"@type":"ImageObject","inLanguage":"en-US","@id":"http:\/\/habitatnicaragua.org\/en\/#\/schema\/logo\/image\/","url":"https:\/\/habitatnicaragua.org\/wp-content\/uploads\/2016\/07\/photo_large.jpg","contentUrl":"https:\/\/habitatnicaragua.org\/wp-content\/uploads\/2016\/07\/photo_large.jpg","width":160,"height":160,"caption":"H\u00e1bitat para la Humanidad Nicaragua"},"image":{"@id":"http:\/\/habitatnicaragua.org\/en\/#\/schema\/logo\/image\/"}}]}},"rttpg_featured_image_url":{"full":["http:\/\/habitatnicaragua.org\/wp-content\/uploads\/2020\/02\/ni-c-3.jpg",1800,777,false],"landscape":["http:\/\/habitatnicaragua.org\/wp-content\/uploads\/2020\/02\/ni-c-3.jpg",1800,777,false],"portraits":["http:\/\/habitatnicaragua.org\/wp-content\/uploads\/2020\/02\/ni-c-3.jpg",1800,777,false],"thumbnail":["http:\/\/habitatnicaragua.org\/wp-content\/uploads\/2020\/02\/ni-c-3-150x150.jpg",150,150,true],"medium":["http:\/\/habitatnicaragua.org\/wp-content\/uploads\/2020\/02\/ni-c-3-300x130.jpg",300,130,true],"large":["http:\/\/habitatnicaragua.org\/wp-content\/uploads\/2020\/02\/ni-c-3-1024x442.jpg",860,371,true],"1536x1536":["http:\/\/habitatnicaragua.org\/wp-content\/uploads\/2020\/02\/ni-c-3-1536x663.jpg",1536,663,true],"2048x2048":["http:\/\/habitatnicaragua.org\/wp-content\/uploads\/2020\/02\/ni-c-3.jpg",1800,777,false],"small-header":["http:\/\/habitatnicaragua.org\/wp-content\/uploads\/2020\/02\/ni-c-3-1800x220.jpg",1800,220,true],"small-event":["http:\/\/habitatnicaragua.org\/wp-content\/uploads\/2020\/02\/ni-c-3-100x85.jpg",100,85,true],"medium-event":["http:\/\/habitatnicaragua.org\/wp-content\/uploads\/2020\/02\/ni-c-3-270x150.jpg",270,150,true],"large-event":["http:\/\/habitatnicaragua.org\/wp-content\/uploads\/2020\/02\/ni-c-3-770x330.jpg",770,330,true],"large-event-2":["http:\/\/habitatnicaragua.org\/wp-content\/uploads\/2020\/02\/ni-c-3-540x440.jpg",540,440,true],"document-thumb":["http:\/\/habitatnicaragua.org\/wp-content\/uploads\/2020\/02\/ni-c-3-400x173.jpg",400,173,true],"gallery-full":["http:\/\/habitatnicaragua.org\/wp-content\/uploads\/2020\/02\/ni-c-3-1660x777.jpg",1660,777,true],"gallery-thumb":["http:\/\/habitatnicaragua.org\/wp-content\/uploads\/2020\/02\/ni-c-3-540x330.jpg",540,330,true],"cause-medium":["http:\/\/habitatnicaragua.org\/wp-content\/uploads\/2020\/02\/ni-c-3-900x525.jpg",900,525,true],"staff-home":["http:\/\/habitatnicaragua.org\/wp-content\/uploads\/2020\/02\/ni-c-3-292x248.jpg",292,248,true],"woocommerce_thumbnail":["http:\/\/habitatnicaragua.org\/wp-content\/uploads\/2020\/02\/ni-c-3-300x300.jpg",300,300,true],"woocommerce_single":["http:\/\/habitatnicaragua.org\/wp-content\/uploads\/2020\/02\/ni-c-3-600x259.jpg",600,259,true],"woocommerce_gallery_thumbnail":["http:\/\/habitatnicaragua.org\/wp-content\/uploads\/2020\/02\/ni-c-3-100x100.jpg",100,100,true]},"rttpg_author":{"display_name":"Victor Solano","author_link":"http:\/\/habitatnicaragua.org\/en\/author\/v1ct0rs0ln0\/"},"rttpg_comment":0,"rttpg_category":null,"rttpg_excerpt":"Our projects are being developed in the following locations","_links":{"self":[{"href":"http:\/\/habitatnicaragua.org\/en\/wp-json\/wp\/v2\/pages\/1740","targetHints":{"allow":["GET"]}}],"collection":[{"href":"http:\/\/habitatnicaragua.org\/en\/wp-json\/wp\/v2\/pages"}],"about":[{"href":"http:\/\/habitatnicaragua.org\/en\/wp-json\/wp\/v2\/types\/page"}],"author":[{"embeddable":true,"href":"http:\/\/habitatnicaragua.org\/en\/wp-json\/wp\/v2\/users\/2"}],"replies":[{"embeddable":true,"href":"http:\/\/habitatnicaragua.org\/en\/wp-json\/wp\/v2\/comments?post=1740"}],"version-history":[{"count":0,"href":"http:\/\/habitatnicaragua.org\/en\/wp-json\/wp\/v2\/pages\/1740\/revisions"}],"wp:featuredmedia":[{"embeddable":true,"href":"http:\/\/habitatnicaragua.org\/en\/wp-json\/wp\/v2\/media\/2216"}],"wp:attachment":[{"href":"http:\/\/habitatnicaragua.org\/en\/wp-json\/wp\/v2\/media?parent=1740"}],"curies":[{"name":"wp","href":"https:\/\/api.w.org\/{rel}","templated":true}]}}