{"id":1736,"date":"2019-01-20T08:35:39","date_gmt":"2019-01-20T08:35:39","guid":{"rendered":"http:\/\/ctivmexico.org\/?page_id=1736"},"modified":"2022-08-26T09:53:59","modified_gmt":"2022-08-26T15:53:59","slug":"habitat-para-la-humanidad","status":"publish","type":"page","link":"http:\/\/habitatnicaragua.org\/en\/habitat-para-la-humanidad\/","title":{"rendered":"Habitat for Humanity"},"content":{"rendered":"Habitat for Humanity Nicaragua is a\u00a0\u00a0<strong>nonprofit organization<\/strong>\u00a0that advocates and works for the right to decent housing and sustainable improvement of the community habitat.\u00a0It promotes social and political recognition of decent housing as a basic right.<\/p>\n<p>We encourage the target population to have timely access to services and products needed to <strong>produce and maintain decent housing through community development<\/strong>. We support the capacity building of the population for prevention, mitigation, and disaster.<\/p>\n<p>Since our founding in 1984, Habitat for Humanity Nicaragua <strong>has benefited more than 17,329 families and more than 81,433 people <\/strong>with various alternatives for improving housing conditions throughout these years working in the country. <strong>\u00a0<\/strong><\/p>\n<div class=\"row grey\" style=\"\"> <div class=\"large-6 columns\" style=\"\"> \n<h3><span class=\"goog-text-highlight\">MISSION<\/span><\/h3>\n<p>Habitat for Humanity invites people to build homes, communities and hope, and thus show God&#8217;s love in action.<\/p>\n <\/div><div class=\"large-6 columns\" style=\"\"> \n<h3>VISION<\/h3>\n<p>A world where every one has a decent place to live.<\/p>\n <\/div> <\/div>\n<h3><span class=\"goog-text-highlight\">BEGINNING<\/span><\/h3>\n<ul>\n<li>Demonstrate the love of Jesus Christ<\/li>\n<li>Focus on housing<\/li>\n<li>Advocating for decent housing<\/li>\n<li>Promote the dignity and hope<\/li>\n<li>Support community development and sustainable transforme<\/li>\n<\/ul>","protected":false},"excerpt":{"rendered":"<p>Habitat for Humanity Nicaragua is a\u00a0\u00a0nonprofit organization\u00a0that advocates and works for the right to decent housing and sustainable improvement of the community habitat.\u00a0It promotes social and political recognition of decent housing as a basic right. We encourage the target population to have timely access to services and products needed to produce and maintain decent housing<\/p>\n<div class=\"post-actions\"><a class=\"button small\" href=\"http:\/\/habitatnicaragua.org\/en\/habitat-para-la-humanidad\/\">Leer M\u00e1s<\/a><\/div>\n","protected":false},"author":2,"featured_media":2204,"parent":0,"menu_order":0,"comment_status":"closed","ping_status":"closed","template":"","meta":{"_acf_changed":false,"_exactmetrics_skip_tracking":false,"_exactmetrics_sitenote_active":false,"_exactmetrics_sitenote_note":"","_exactmetrics_sitenote_category":0,"footnotes":""},"class_list":["post-1736","page","type-page","status-publish","has-post-thumbnail","hentry"],"acf":[],"yoast_head":"<!-- This site is optimized with the Yoast SEO plugin v26.6 - https:\/\/yoast.com\/wordpress\/plugins\/seo\/ -->\n<title>H\u00e1bitat para la Humanidad Nicaragua<\/title>\n<meta name=\"description\" content=\"H\u00e1bitat para la Humanidad Nicaragua es una organizaci\u00f3n sin fines de lucro, que aboga y trabaja por el derecho a la vivienda digna y a la mejora sostenible del h\u00e1bitat comunitario\" \/>\n<meta name=\"robots\" content=\"noindex, follow, max-snippet:-1, max-image-preview:large, max-video-preview:-1\" \/>\n<meta property=\"og:locale\" content=\"en_US\" \/>\n<meta property=\"og:type\" content=\"article\" \/>\n<meta property=\"og:title\" content=\"H\u00e1bitat para la Humanidad Nicaragua\" \/>\n<meta property=\"og:description\" content=\"H\u00e1bitat para la Humanidad Nicaragua es una organizaci\u00f3n sin fines de lucro, que aboga y trabaja por el derecho a la vivienda digna y a la mejora sostenible del h\u00e1bitat comunitario\" \/>\n<meta property=\"og:url\" content=\"https:\/\/habitatnicaragua.org\/en\/habitat-para-la-humanidad\/\" \/>\n<meta property=\"og:site_name\" content=\"H\u00e1bitat para la Humanidad Nicaragua\" \/>\n<meta property=\"article:modified_time\" content=\"2022-08-26T15:53:59+00:00\" \/>\n<meta property=\"og:image\" content=\"http:\/\/habitatnicaragua.org\/wp-content\/uploads\/2020\/02\/ni-1.jpg\" \/>\n\t<meta property=\"og:image:width\" content=\"1920\" \/>\n\t<meta property=\"og:image:height\" content=\"800\" \/>\n\t<meta property=\"og:image:type\" content=\"image\/jpeg\" \/>\n<meta name=\"twitter:card\" content=\"summary_large_image\" \/>\n<meta name=\"twitter:label1\" content=\"Est. reading time\" \/>\n\t<meta name=\"twitter:data1\" content=\"1 minute\" \/>\n<script type=\"application\/ld+json\" class=\"yoast-schema-graph\">{\"@context\":\"https:\/\/schema.org\",\"@graph\":[{\"@type\":\"WebPage\",\"@id\":\"https:\/\/habitatnicaragua.org\/en\/habitat-para-la-humanidad\/\",\"url\":\"https:\/\/habitatnicaragua.org\/en\/habitat-para-la-humanidad\/\",\"name\":\"H\u00e1bitat para la Humanidad Nicaragua\",\"isPartOf\":{\"@id\":\"https:\/\/habitatnicaragua.org\/en\/#website\"},\"primaryImageOfPage\":{\"@id\":\"https:\/\/habitatnicaragua.org\/en\/habitat-para-la-humanidad\/#primaryimage\"},\"image\":{\"@id\":\"https:\/\/habitatnicaragua.org\/habitat-para-la-humanidad\/#primaryimage\"},\"thumbnailUrl\":\"http:\/\/habitatnicaragua.org\/wp-content\/uploads\/2020\/02\/ni-1.jpg\",\"datePublished\":\"2019-01-20T08:35:39+00:00\",\"dateModified\":\"2022-08-26T15:53:59+00:00\",\"description\":\"H\u00e1bitat para la Humanidad Nicaragua es una organizaci\u00f3n sin fines de lucro, que aboga y trabaja por el derecho a la vivienda digna y a la mejora sostenible del h\u00e1bitat comunitario\",\"breadcrumb\":{\"@id\":\"https:\/\/habitatnicaragua.org\/en\/habitat-para-la-humanidad\/#breadcrumb\"},\"inLanguage\":\"en-US\",\"potentialAction\":[{\"@type\":\"ReadAction\",\"target\":[[\"https:\/\/habitatnicaragua.org\/en\/habitat-para-la-humanidad\/\"]]}]},{\"@type\":\"ImageObject\",\"inLanguage\":\"en-US\",\"@id\":\"https:\/\/habitatnicaragua.org\/en\/habitat-para-la-humanidad\/#primaryimage\",\"url\":\"http:\/\/habitatnicaragua.org\/wp-content\/uploads\/2020\/02\/ni-1.jpg\",\"contentUrl\":\"http:\/\/habitatnicaragua.org\/wp-content\/uploads\/2020\/02\/ni-1.jpg\",\"width\":1920,\"height\":800},{\"@type\":\"BreadcrumbList\",\"@id\":\"https:\/\/habitatnicaragua.org\/en\/habitat-para-la-humanidad\/#breadcrumb\",\"itemListElement\":[{\"@type\":\"ListItem\",\"position\":1,\"name\":\"Portada\",\"item\":\"https:\/\/habitatnicaragua.org\/en\/\"},{\"@type\":\"ListItem\",\"position\":2,\"name\":\"H\u00e1bitat para la Humanidad\"}]},{\"@type\":\"WebSite\",\"@id\":\"https:\/\/habitatnicaragua.org\/en\/#website\",\"url\":\"https:\/\/habitatnicaragua.org\/en\/\",\"name\":\"H\u00e1bitat para la Humanidad Nicaragua\",\"description\":\"\",\"publisher\":{\"@id\":\"https:\/\/habitatnicaragua.org\/en\/#organization\"},\"potentialAction\":[{\"@type\":\"SearchAction\",\"target\":{\"@type\":\"EntryPoint\",\"urlTemplate\":\"https:\/\/habitatnicaragua.org\/en\/?s={search_term_string}\"},\"query-input\":{\"@type\":\"PropertyValueSpecification\",\"valueRequired\":true,\"valueName\":\"search_term_string\"}}],\"inLanguage\":\"en-US\"},{\"@type\":\"Organization\",\"@id\":\"https:\/\/habitatnicaragua.org\/en\/#organization\",\"name\":\"H\u00e1bitat para la Humanidad Nicaragua\",\"url\":\"https:\/\/habitatnicaragua.org\/en\/\",\"logo\":{\"@type\":\"ImageObject\",\"inLanguage\":\"en-US\",\"@id\":\"https:\/\/habitatnicaragua.org\/en\/#\/schema\/logo\/image\/\",\"url\":\"https:\/\/habitatnicaragua.org\/wp-content\/uploads\/2016\/07\/photo_large.jpg\",\"contentUrl\":\"https:\/\/habitatnicaragua.org\/wp-content\/uploads\/2016\/07\/photo_large.jpg\",\"width\":160,\"height\":160,\"caption\":\"H\u00e1bitat para la Humanidad Nicaragua\"},\"image\":{\"@id\":\"https:\/\/habitatnicaragua.org\/en\/#\/schema\/logo\/image\/\"}}]}<\/script>\n<!-- \/ Yoast SEO plugin. -->","yoast_head_json":{"title":"H\u00e1bitat para la Humanidad Nicaragua","description":"H\u00e1bitat para la Humanidad Nicaragua es una organizaci\u00f3n sin fines de lucro, que aboga y trabaja por el derecho a la vivienda digna y a la mejora sostenible del h\u00e1bitat comunitario","robots":{"index":"noindex","follow":"follow","max-snippet":"max-snippet:-1","max-image-preview":"max-image-preview:large","max-video-preview":"max-video-preview:-1"},"og_locale":"en_US","og_type":"article","og_title":"H\u00e1bitat para la Humanidad Nicaragua","og_description":"H\u00e1bitat para la Humanidad Nicaragua es una organizaci\u00f3n sin fines de lucro, que aboga y trabaja por el derecho a la vivienda digna y a la mejora sostenible del h\u00e1bitat comunitario","og_url":"https:\/\/habitatnicaragua.org\/en\/habitat-para-la-humanidad\/","og_site_name":"H\u00e1bitat para la Humanidad Nicaragua","article_modified_time":"2022-08-26T15:53:59+00:00","og_image":[{"width":1920,"height":800,"url":"http:\/\/habitatnicaragua.org\/wp-content\/uploads\/2020\/02\/ni-1.jpg","type":"image\/jpeg"}],"twitter_card":"summary_large_image","twitter_misc":{"Est. reading time":"1 minute"},"schema":{"@context":"https:\/\/schema.org","@graph":[{"@type":"WebPage","@id":"https:\/\/habitatnicaragua.org\/en\/habitat-para-la-humanidad\/","url":"https:\/\/habitatnicaragua.org\/en\/habitat-para-la-humanidad\/","name":"H\u00e1bitat para la Humanidad Nicaragua","isPartOf":{"@id":"https:\/\/habitatnicaragua.org\/en\/#website"},"primaryImageOfPage":{"@id":"https:\/\/habitatnicaragua.org\/en\/habitat-para-la-humanidad\/#primaryimage"},"image":{"@id":"https:\/\/habitatnicaragua.org\/habitat-para-la-humanidad\/#primaryimage"},"thumbnailUrl":"http:\/\/habitatnicaragua.org\/wp-content\/uploads\/2020\/02\/ni-1.jpg","datePublished":"2019-01-20T08:35:39+00:00","dateModified":"2022-08-26T15:53:59+00:00","description":"H\u00e1bitat para la Humanidad Nicaragua es una organizaci\u00f3n sin fines de lucro, que aboga y trabaja por el derecho a la vivienda digna y a la mejora sostenible del h\u00e1bitat comunitario","breadcrumb":{"@id":"https:\/\/habitatnicaragua.org\/en\/habitat-para-la-humanidad\/#breadcrumb"},"inLanguage":"en-US","potentialAction":[{"@type":"ReadAction","target":[["https:\/\/habitatnicaragua.org\/en\/habitat-para-la-humanidad\/"]]}]},{"@type":"ImageObject","inLanguage":"en-US","@id":"https:\/\/habitatnicaragua.org\/en\/habitat-para-la-humanidad\/#primaryimage","url":"http:\/\/habitatnicaragua.org\/wp-content\/uploads\/2020\/02\/ni-1.jpg","contentUrl":"http:\/\/habitatnicaragua.org\/wp-content\/uploads\/2020\/02\/ni-1.jpg","width":1920,"height":800},{"@type":"BreadcrumbList","@id":"https:\/\/habitatnicaragua.org\/en\/habitat-para-la-humanidad\/#breadcrumb","itemListElement":[{"@type":"ListItem","position":1,"name":"Portada","item":"https:\/\/habitatnicaragua.org\/en\/"},{"@type":"ListItem","position":2,"name":"H\u00e1bitat para la Humanidad"}]},{"@type":"WebSite","@id":"https:\/\/habitatnicaragua.org\/en\/#website","url":"https:\/\/habitatnicaragua.org\/en\/","name":"H\u00e1bitat para la Humanidad Nicaragua","description":"","publisher":{"@id":"https:\/\/habitatnicaragua.org\/en\/#organization"},"potentialAction":[{"@type":"SearchAction","target":{"@type":"EntryPoint","urlTemplate":"https:\/\/habitatnicaragua.org\/en\/?s={search_term_string}"},"query-input":{"@type":"PropertyValueSpecification","valueRequired":true,"valueName":"search_term_string"}}],"inLanguage":"en-US"},{"@type":"Organization","@id":"https:\/\/habitatnicaragua.org\/en\/#organization","name":"H\u00e1bitat para la Humanidad Nicaragua","url":"https:\/\/habitatnicaragua.org\/en\/","logo":{"@type":"ImageObject","inLanguage":"en-US","@id":"https:\/\/habitatnicaragua.org\/en\/#\/schema\/logo\/image\/","url":"https:\/\/habitatnicaragua.org\/wp-content\/uploads\/2016\/07\/photo_large.jpg","contentUrl":"https:\/\/habitatnicaragua.org\/wp-content\/uploads\/2016\/07\/photo_large.jpg","width":160,"height":160,"caption":"H\u00e1bitat para la Humanidad Nicaragua"},"image":{"@id":"https:\/\/habitatnicaragua.org\/en\/#\/schema\/logo\/image\/"}}]}},"rttpg_featured_image_url":{"full":["http:\/\/habitatnicaragua.org\/wp-content\/uploads\/2020\/02\/ni-1.jpg",1920,800,false],"landscape":["http:\/\/habitatnicaragua.org\/wp-content\/uploads\/2020\/02\/ni-1.jpg",1920,800,false],"portraits":["http:\/\/habitatnicaragua.org\/wp-content\/uploads\/2020\/02\/ni-1.jpg",1920,800,false],"thumbnail":["http:\/\/habitatnicaragua.org\/wp-content\/uploads\/2020\/02\/ni-1-150x150.jpg",150,150,true],"medium":["http:\/\/habitatnicaragua.org\/wp-content\/uploads\/2020\/02\/ni-1-300x125.jpg",300,125,true],"large":["http:\/\/habitatnicaragua.org\/wp-content\/uploads\/2020\/02\/ni-1-1024x427.jpg",860,359,true],"1536x1536":["http:\/\/habitatnicaragua.org\/wp-content\/uploads\/2020\/02\/ni-1-1536x640.jpg",1536,640,true],"2048x2048":["http:\/\/habitatnicaragua.org\/wp-content\/uploads\/2020\/02\/ni-1.jpg",1920,800,false],"small-header":["http:\/\/habitatnicaragua.org\/wp-content\/uploads\/2020\/02\/ni-1-1800x220.jpg",1800,220,true],"small-event":["http:\/\/habitatnicaragua.org\/wp-content\/uploads\/2020\/02\/ni-1-100x85.jpg",100,85,true],"medium-event":["http:\/\/habitatnicaragua.org\/wp-content\/uploads\/2020\/02\/ni-1-270x150.jpg",270,150,true],"large-event":["http:\/\/habitatnicaragua.org\/wp-content\/uploads\/2020\/02\/ni-1-770x330.jpg",770,330,true],"large-event-2":["http:\/\/habitatnicaragua.org\/wp-content\/uploads\/2020\/02\/ni-1-540x440.jpg",540,440,true],"document-thumb":["http:\/\/habitatnicaragua.org\/wp-content\/uploads\/2020\/02\/ni-1-400x167.jpg",400,167,true],"gallery-full":["http:\/\/habitatnicaragua.org\/wp-content\/uploads\/2020\/02\/ni-1-1660x800.jpg",1660,800,true],"gallery-thumb":["http:\/\/habitatnicaragua.org\/wp-content\/uploads\/2020\/02\/ni-1-540x330.jpg",540,330,true],"cause-medium":["http:\/\/habitatnicaragua.org\/wp-content\/uploads\/2020\/02\/ni-1-900x525.jpg",900,525,true],"staff-home":["http:\/\/habitatnicaragua.org\/wp-content\/uploads\/2020\/02\/ni-1-292x248.jpg",292,248,true],"woocommerce_thumbnail":["http:\/\/habitatnicaragua.org\/wp-content\/uploads\/2020\/02\/ni-1-300x300.jpg",300,300,true],"woocommerce_single":["http:\/\/habitatnicaragua.org\/wp-content\/uploads\/2020\/02\/ni-1-600x250.jpg",600,250,true],"woocommerce_gallery_thumbnail":["http:\/\/habitatnicaragua.org\/wp-content\/uploads\/2020\/02\/ni-1-100x100.jpg",100,100,true]},"rttpg_author":{"display_name":"Victor Solano","author_link":"http:\/\/habitatnicaragua.org\/en\/author\/v1ct0rs0ln0\/"},"rttpg_comment":0,"rttpg_category":null,"rttpg_excerpt":"Habitat for Humanity Nicaragua is a\u00a0\u00a0nonprofit organization\u00a0that advocates and works for the right to decent housing and sustainable improvement of the community habitat.\u00a0It promotes social and political recognition of decent housing as a basic right. We encourage the target population to have timely access to services and products needed to produce and maintain decent housingLeer&hellip;","_links":{"self":[{"href":"http:\/\/habitatnicaragua.org\/en\/wp-json\/wp\/v2\/pages\/1736","targetHints":{"allow":["GET"]}}],"collection":[{"href":"http:\/\/habitatnicaragua.org\/en\/wp-json\/wp\/v2\/pages"}],"about":[{"href":"http:\/\/habitatnicaragua.org\/en\/wp-json\/wp\/v2\/types\/page"}],"author":[{"embeddable":true,"href":"http:\/\/habitatnicaragua.org\/en\/wp-json\/wp\/v2\/users\/2"}],"replies":[{"embeddable":true,"href":"http:\/\/habitatnicaragua.org\/en\/wp-json\/wp\/v2\/comments?post=1736"}],"version-history":[{"count":0,"href":"http:\/\/habitatnicaragua.org\/en\/wp-json\/wp\/v2\/pages\/1736\/revisions"}],"wp:featuredmedia":[{"embeddable":true,"href":"http:\/\/habitatnicaragua.org\/en\/wp-json\/wp\/v2\/media\/2204"}],"wp:attachment":[{"href":"http:\/\/habitatnicaragua.org\/en\/wp-json\/wp\/v2\/media?parent=1736"}],"curies":[{"name":"wp","href":"https:\/\/api.w.org\/{rel}","templated":true}]}}