{"id":14687,"date":"2020-10-21T09:51:06","date_gmt":"2020-10-21T15:51:06","guid":{"rendered":"https:\/\/habitatnicaragua.org\/?page_id=14687"},"modified":"2022-09-26T08:54:16","modified_gmt":"2022-09-26T14:54:16","slug":"reporte-anual","status":"publish","type":"page","link":"http:\/\/habitatnicaragua.org\/en\/reporte-anual\/","title":{"rendered":"Newsletter"},"content":{"rendered":"<style type='text\/css' media='all'>#rt-tpg-container-2104496457 .rt-holder .rt-woo-info .price{color:#0367bf;}body .rt-tpg-container .rt-tpg-isotope-buttons .selected,\n\t\t\t\t\t#rt-tpg-container-2104496457 .layout12 .rt-holder:hover .rt-detail,\n\t\t\t\t\t#rt-tpg-container-2104496457 .isotope8 .rt-holder:hover .rt-detail,\n\t\t\t\t\t#rt-tpg-container-2104496457 .carousel8 .rt-holder:hover .rt-detail,\n\t\t\t\t\t#rt-tpg-container-2104496457 .layout13 .rt-holder .overlay .post-info,\n\t\t\t\t\t#rt-tpg-container-2104496457 .isotope9 .rt-holder .overlay .post-info,\n\t\t\t\t\t#rt-tpg-container-2104496457.rt-tpg-container .layout4 .rt-holder .rt-detail,\n\t\t\t\t\t.rt-modal-2104496457 .md-content,\n\t\t\t\t\t.rt-modal-2104496457 .md-content > .rt-md-content-holder .rt-md-content,\n\t\t\t\t\t.rt-popup-wrap-2104496457.rt-popup-wrap .rt-popup-navigation-wrap,\n\t\t\t\t\t#rt-tpg-container-2104496457 .carousel9 .rt-holder .overlay .post-info{background-color:#0367bf;}#rt-tpg-container-2104496457 .layout5 .rt-holder .overlay, #rt-tpg-container-2104496457 .isotope2 .rt-holder .overlay, #rt-tpg-container-2104496457 .carousel2 .rt-holder .overlay,#rt-tpg-container-2104496457 .layout15 .rt-holder h3, #rt-tpg-container-2104496457 .isotope11 .rt-holder h3, #rt-tpg-container-2104496457 .carousel11 .rt-holder h3, #rt-tpg-container-2104496457 .layout16 .rt-holder h3,\n\t\t\t\t\t#rt-tpg-container-2104496457 .isotope12 .rt-holder h3, #rt-tpg-container-2104496457 .carousel12 .rt-holder h3 {background-color:rgba(3,103,191,0.8);}#rt-tpg-container-2104496457 .read-more a{border-radius:px;}#rt-tpg-container-2104496457 .rt-img-holder img.rt-img-responsive,#rt-tpg-container-2104496457 .rt-img-holder,\n\t\t\t\t\t#rt-tpg-container-2104496457 .rt-post-overlay .post-img,\n\t\t\t\t\t#rt-tpg-container-2104496457 .post-sm .post-img,\n\t\t\t\t\t#rt-tpg-container-2104496457 .rt-post-grid .post-img,\n\t\t\t\t\t#rt-tpg-container-2104496457 .post-img img {border-radius:px;}<\/style><div class='rt-container-fluid rt-tpg-container tpg-shortcode-main-wrapper ' id='rt-tpg-container-2104496457'   data-layout='layout1' data-grid-style='even' data-desktop-col='3'  data-tab-col='2'  data-mobile-col='1' data-sc-id='1971'><div data-title='Loading ...' class='rt-row rt-content-loader   layout1 tpg-even '><div class=\"rt-col-md-4 rt-col-sm-6 rt-col-xs-12 even-grid-item rt-grid-item\" data-id=\"16623\"><div class=\"rt-holder\"><div class=\"rt-img-holder\"><a data-id=\"16623\" class=\"\" href=\"http:\/\/habitatnicaragua.org\/en\/boletin-octubre-diciembre-2024\/\"><img loading=\"lazy\" decoding=\"async\" width=\"540\" height=\"330\" src=\"http:\/\/habitatnicaragua.org\/wp-content\/uploads\/2025\/02\/PAGINA2-540x330.jpg\" class=\"rt-img-responsive \" alt=\"\" \/><\/a><\/div><div class='rt-detail'><h3 class=\"entry-title\"><a data-id=\"16623\" class=\"\" href=\"http:\/\/habitatnicaragua.org\/en\/boletin-octubre-diciembre-2024\/\">Newsletter October-December 2024<\/a><\/h3><div class='tpg-excerpt'>The last quarter of 2024 was filled with work and many emotions for H\u00e1bitat Nicaragua. After quite a long pause, we resumed volunteering with our...<\/div><\/div><\/div><\/div><div class=\"rt-col-md-4 rt-col-sm-6 rt-col-xs-12 even-grid-item rt-grid-item\" data-id=\"16695\"><div class=\"rt-holder\"><div class=\"rt-img-holder\"><a data-id=\"16695\" class=\"\" href=\"http:\/\/habitatnicaragua.org\/en\/newsletter-sept-2024-2\/\"><img loading=\"lazy\" decoding=\"async\" width=\"540\" height=\"330\" src=\"http:\/\/habitatnicaragua.org\/wp-content\/uploads\/2016\/07\/ni-g-12-540x330.jpg\" class=\"rt-img-responsive \" alt=\"\" \/><\/a><\/div><div class='rt-detail'><h3 class=\"entry-title\"><a data-id=\"16695\" class=\"\" href=\"http:\/\/habitatnicaragua.org\/en\/newsletter-sept-2024-2\/\">Newsletter July-September 2024<\/a><\/h3><div class='tpg-excerpt'>Habitat for Humanity began its work in 1976 as a Christian movement in southern Georgia, USA. Three years later, it took its first steps in Latin...<\/div><\/div><\/div><\/div><div class=\"rt-col-md-4 rt-col-sm-6 rt-col-xs-12 even-grid-item rt-grid-item\" data-id=\"16511\"><div class=\"rt-holder\"><div class=\"rt-img-holder\"><a data-id=\"16511\" class=\"\" href=\"http:\/\/habitatnicaragua.org\/en\/newsletter-ene-mar-2023\/\"><img loading=\"lazy\" decoding=\"async\" width=\"540\" height=\"330\" src=\"http:\/\/habitatnicaragua.org\/wp-content\/uploads\/2023\/04\/Boletin-enero-marzo2023-540x330.jpg\" class=\"rt-img-responsive \" alt=\"(Espa\u00f1ol) Bolet\u00edn Enero-Marzo 2023\" \/><\/a><\/div><div class='rt-detail'><h3 class=\"entry-title\"><a data-id=\"16511\" class=\"\" href=\"http:\/\/habitatnicaragua.org\/en\/newsletter-ene-mar-2023\/\">Newsletter January-March 2023<\/a><\/h3><div class='tpg-excerpt'>This quarter leaves us very satisfied and we are sure that the coming months will also bring excellent results and wonderful news, especially for...<\/div><\/div><\/div><\/div><div class=\"rt-col-md-4 rt-col-sm-6 rt-col-xs-12 even-grid-item rt-grid-item\" data-id=\"16493\"><div class=\"rt-holder\"><div class=\"rt-img-holder\"><a data-id=\"16493\" class=\"\" href=\"http:\/\/habitatnicaragua.org\/en\/newsletter-jul-dec-2022\/\"><img loading=\"lazy\" decoding=\"async\" width=\"540\" height=\"330\" src=\"http:\/\/habitatnicaragua.org\/wp-content\/uploads\/2023\/02\/Boleti\u0301n-julio-diciembre-2022-540x330.jpg\" class=\"rt-img-responsive \" alt=\"Bolet\u00edn julio-diciembre 2022\" \/><\/a><\/div><div class='rt-detail'><h3 class=\"entry-title\"><a data-id=\"16493\" class=\"\" href=\"http:\/\/habitatnicaragua.org\/en\/newsletter-jul-dec-2022\/\">Newsletter july-december 2022<\/a><\/h3><div class='tpg-excerpt'>Having a safe roof for the family to sleep peacefully is life-changing, having a concrete floor for girls and boys to play on is life-changing, and...<\/div><\/div><\/div><\/div><div class=\"rt-col-md-4 rt-col-sm-6 rt-col-xs-12 even-grid-item rt-grid-item\" data-id=\"16255\"><div class=\"rt-holder\"><div class=\"rt-img-holder\"><a data-id=\"16255\" class=\"\" href=\"http:\/\/habitatnicaragua.org\/en\/dia_mundial_del_habitat-2022\/\"><img loading=\"lazy\" decoding=\"async\" width=\"540\" height=\"330\" src=\"http:\/\/habitatnicaragua.org\/wp-content\/uploads\/2022\/07\/2022-whd-sm_web-540x330.jpg\" class=\"rt-img-responsive \" alt=\"\" \/><\/a><\/div><div class='rt-detail'><h3 class=\"entry-title\"><a data-id=\"16255\" class=\"\" href=\"http:\/\/habitatnicaragua.org\/en\/dia_mundial_del_habitat-2022\/\">(Espa\u00f1ol) Bolet\u00edn Especial<\/a><\/h3><div class='tpg-excerpt'>&nbsp; &nbsp;...<\/div><\/div><\/div><\/div><\/div><\/div>\n","protected":false},"excerpt":{"rendered":"","protected":false},"author":19,"featured_media":14349,"parent":0,"menu_order":0,"comment_status":"closed","ping_status":"closed","template":"","meta":{"_acf_changed":false,"_exactmetrics_skip_tracking":false,"_exactmetrics_sitenote_active":false,"_exactmetrics_sitenote_note":"","_exactmetrics_sitenote_category":0,"footnotes":""},"class_list":["post-14687","page","type-page","status-publish","has-post-thumbnail","hentry"],"acf":[],"yoast_head":"<!-- This site is optimized with the Yoast SEO plugin v26.6 - https:\/\/yoast.com\/wordpress\/plugins\/seo\/ -->\n<title>H\u00e1bitat para la Humanidad Nicaragua<\/title>\n<meta name=\"description\" content=\"H\u00e1bitat para la Humanidad Nicaragua es una organizaci\u00f3n sin fines de lucro, que aboga y trabaja por el derecho a la vivienda digna y a la mejora sostenible del h\u00e1bitat comunitario\" \/>\n<meta name=\"robots\" content=\"index, follow, max-snippet:-1, max-image-preview:large, max-video-preview:-1\" \/>\n<link rel=\"canonical\" href=\"http:\/\/habitatnicaragua.org\/en\/reporte-anual\/\" \/>\n<meta property=\"og:locale\" content=\"en_US\" \/>\n<meta property=\"og:type\" content=\"article\" \/>\n<meta property=\"og:title\" content=\"H\u00e1bitat para la Humanidad Nicaragua\" \/>\n<meta property=\"og:description\" content=\"H\u00e1bitat para la Humanidad Nicaragua es una organizaci\u00f3n sin fines de lucro, que aboga y trabaja por el derecho a la vivienda digna y a la mejora sostenible del h\u00e1bitat comunitario\" \/>\n<meta property=\"og:url\" content=\"http:\/\/habitatnicaragua.org\/en\/reporte-anual\/\" \/>\n<meta property=\"og:site_name\" content=\"H\u00e1bitat para la Humanidad Nicaragua\" \/>\n<meta property=\"article:modified_time\" content=\"2022-09-26T14:54:16+00:00\" \/>\n<meta property=\"og:image\" content=\"http:\/\/habitatnicaragua.org\/wp-content\/uploads\/2020\/08\/editada-scaled.jpg\" \/>\n\t<meta property=\"og:image:width\" content=\"2560\" \/>\n\t<meta property=\"og:image:height\" content=\"1207\" \/>\n\t<meta property=\"og:image:type\" content=\"image\/jpeg\" \/>\n<meta name=\"twitter:card\" content=\"summary_large_image\" \/>\n<script type=\"application\/ld+json\" class=\"yoast-schema-graph\">{\"@context\":\"https:\/\/schema.org\",\"@graph\":[{\"@type\":\"WebPage\",\"@id\":\"http:\/\/habitatnicaragua.org\/en\/reporte-anual\/\",\"url\":\"http:\/\/habitatnicaragua.org\/en\/reporte-anual\/\",\"name\":\"H\u00e1bitat para la Humanidad Nicaragua\",\"isPartOf\":{\"@id\":\"http:\/\/habitatnicaragua.org\/en\/#website\"},\"primaryImageOfPage\":{\"@id\":\"http:\/\/habitatnicaragua.org\/en\/reporte-anual\/#primaryimage\"},\"image\":{\"@id\":\"http:\/\/habitatnicaragua.org\/en\/reporte-anual\/#primaryimage\"},\"thumbnailUrl\":\"http:\/\/habitatnicaragua.org\/wp-content\/uploads\/2020\/08\/editada-scaled.jpg\",\"datePublished\":\"2020-10-21T15:51:06+00:00\",\"dateModified\":\"2022-09-26T14:54:16+00:00\",\"description\":\"H\u00e1bitat para la Humanidad Nicaragua es una organizaci\u00f3n sin fines de lucro, que aboga y trabaja por el derecho a la vivienda digna y a la mejora sostenible del h\u00e1bitat comunitario\",\"breadcrumb\":{\"@id\":\"http:\/\/habitatnicaragua.org\/en\/reporte-anual\/#breadcrumb\"},\"inLanguage\":\"en-US\",\"potentialAction\":[{\"@type\":\"ReadAction\",\"target\":[[\"http:\/\/habitatnicaragua.org\/en\/reporte-anual\/\"]]}]},{\"@type\":\"ImageObject\",\"inLanguage\":\"en-US\",\"@id\":\"http:\/\/habitatnicaragua.org\/en\/reporte-anual\/#primaryimage\",\"url\":\"http:\/\/habitatnicaragua.org\/wp-content\/uploads\/2020\/08\/editada-scaled.jpg\",\"contentUrl\":\"http:\/\/habitatnicaragua.org\/wp-content\/uploads\/2020\/08\/editada-scaled.jpg\",\"width\":2560,\"height\":1207,\"caption\":\"Mozonte, Comunidad El Zapote, NUEVA SEGOVIA, Nicaragua (7 de julio del 2020). Muchas gracias por este apoyo que nos est\u00e1n. Dios no nos desampara porque ahorita, ah\u00ed vamos librita comprada, librita comida, mientras viene la cosecha nueva pero tenemos esperanza porque Dios nos est\u00e1 enviando la bendici\u00f3n (lluvia)\u2026 El a\u00f1o pasado fue de sequ\u00eda y nos toc\u00f3 comprar hasta el ma\u00edz\u201d, nos dijo Mar\u00eda Eulalia (62 a\u00f1os). En el hogar de Mar\u00eda Eulalia habitan 7 personas, la econom\u00eda familiar depende de la agricultura y con la sequ\u00eda y la llegada del Covid-19 est\u00e1n teniendo muchas carencias. Esta familia recibi\u00f3 kits de primera necesidad, higiene y agua segura. La entrega se realiz\u00f3 gracias a la generosidad de la Embajada de Alemania y la Embajada de Luxemburgo en Nicaragua, quienes respondieron al llamado de la campa\u00f1a Apoy\u00e1 una familia #SomosComunidad, para llevar kits a 1500 familias del corredor seco del pa\u00eds. Dariana (7 a\u00f1os) y Axel (10 a\u00f1os) acompa\u00f1an a la abuela a cargar los kits hasta su casa. Proyecto de emergencia del Covid-19 en comunidades del corredor seco del pai\u0301s. Se entregaron kits de primera necesidad, higiene y agua segura. La entrega se realizo\u0301 gracias a la generosidad de la Embajada de Alemania y la Embajada de Luxemburgo en Nicaragua, quienes respondieron al llamado de la campan\u0303a Apoya\u0301 una familia #SomosComunidad, para llevar kits a 1500 familias del corredor seco del pai\u0301s. \u00a9Ha\u0301bitat para la Humanidad \/ Jessly Obando\"},{\"@type\":\"BreadcrumbList\",\"@id\":\"http:\/\/habitatnicaragua.org\/en\/reporte-anual\/#breadcrumb\",\"itemListElement\":[{\"@type\":\"ListItem\",\"position\":1,\"name\":\"Portada\",\"item\":\"http:\/\/habitatnicaragua.org\/en\/\"},{\"@type\":\"ListItem\",\"position\":2,\"name\":\"Newsletter\"}]},{\"@type\":\"WebSite\",\"@id\":\"http:\/\/habitatnicaragua.org\/en\/#website\",\"url\":\"http:\/\/habitatnicaragua.org\/en\/\",\"name\":\"H\u00e1bitat para la Humanidad Nicaragua\",\"description\":\"\",\"publisher\":{\"@id\":\"http:\/\/habitatnicaragua.org\/en\/#organization\"},\"potentialAction\":[{\"@type\":\"SearchAction\",\"target\":{\"@type\":\"EntryPoint\",\"urlTemplate\":\"http:\/\/habitatnicaragua.org\/en\/?s={search_term_string}\"},\"query-input\":{\"@type\":\"PropertyValueSpecification\",\"valueRequired\":true,\"valueName\":\"search_term_string\"}}],\"inLanguage\":\"en-US\"},{\"@type\":\"Organization\",\"@id\":\"http:\/\/habitatnicaragua.org\/en\/#organization\",\"name\":\"H\u00e1bitat para la Humanidad Nicaragua\",\"url\":\"http:\/\/habitatnicaragua.org\/en\/\",\"logo\":{\"@type\":\"ImageObject\",\"inLanguage\":\"en-US\",\"@id\":\"http:\/\/habitatnicaragua.org\/en\/#\/schema\/logo\/image\/\",\"url\":\"https:\/\/habitatnicaragua.org\/wp-content\/uploads\/2016\/07\/photo_large.jpg\",\"contentUrl\":\"https:\/\/habitatnicaragua.org\/wp-content\/uploads\/2016\/07\/photo_large.jpg\",\"width\":160,\"height\":160,\"caption\":\"H\u00e1bitat para la Humanidad Nicaragua\"},\"image\":{\"@id\":\"http:\/\/habitatnicaragua.org\/en\/#\/schema\/logo\/image\/\"}}]}<\/script>\n<!-- \/ Yoast SEO plugin. -->","yoast_head_json":{"title":"H\u00e1bitat para la Humanidad Nicaragua","description":"H\u00e1bitat para la Humanidad Nicaragua es una organizaci\u00f3n sin fines de lucro, que aboga y trabaja por el derecho a la vivienda digna y a la mejora sostenible del h\u00e1bitat comunitario","robots":{"index":"index","follow":"follow","max-snippet":"max-snippet:-1","max-image-preview":"max-image-preview:large","max-video-preview":"max-video-preview:-1"},"canonical":"http:\/\/habitatnicaragua.org\/en\/reporte-anual\/","og_locale":"en_US","og_type":"article","og_title":"H\u00e1bitat para la Humanidad Nicaragua","og_description":"H\u00e1bitat para la Humanidad Nicaragua es una organizaci\u00f3n sin fines de lucro, que aboga y trabaja por el derecho a la vivienda digna y a la mejora sostenible del h\u00e1bitat comunitario","og_url":"http:\/\/habitatnicaragua.org\/en\/reporte-anual\/","og_site_name":"H\u00e1bitat para la Humanidad Nicaragua","article_modified_time":"2022-09-26T14:54:16+00:00","og_image":[{"width":2560,"height":1207,"url":"http:\/\/habitatnicaragua.org\/wp-content\/uploads\/2020\/08\/editada-scaled.jpg","type":"image\/jpeg"}],"twitter_card":"summary_large_image","schema":{"@context":"https:\/\/schema.org","@graph":[{"@type":"WebPage","@id":"http:\/\/habitatnicaragua.org\/en\/reporte-anual\/","url":"http:\/\/habitatnicaragua.org\/en\/reporte-anual\/","name":"H\u00e1bitat para la Humanidad Nicaragua","isPartOf":{"@id":"http:\/\/habitatnicaragua.org\/en\/#website"},"primaryImageOfPage":{"@id":"http:\/\/habitatnicaragua.org\/en\/reporte-anual\/#primaryimage"},"image":{"@id":"http:\/\/habitatnicaragua.org\/en\/reporte-anual\/#primaryimage"},"thumbnailUrl":"http:\/\/habitatnicaragua.org\/wp-content\/uploads\/2020\/08\/editada-scaled.jpg","datePublished":"2020-10-21T15:51:06+00:00","dateModified":"2022-09-26T14:54:16+00:00","description":"H\u00e1bitat para la Humanidad Nicaragua es una organizaci\u00f3n sin fines de lucro, que aboga y trabaja por el derecho a la vivienda digna y a la mejora sostenible del h\u00e1bitat comunitario","breadcrumb":{"@id":"http:\/\/habitatnicaragua.org\/en\/reporte-anual\/#breadcrumb"},"inLanguage":"en-US","potentialAction":[{"@type":"ReadAction","target":[["http:\/\/habitatnicaragua.org\/en\/reporte-anual\/"]]}]},{"@type":"ImageObject","inLanguage":"en-US","@id":"http:\/\/habitatnicaragua.org\/en\/reporte-anual\/#primaryimage","url":"http:\/\/habitatnicaragua.org\/wp-content\/uploads\/2020\/08\/editada-scaled.jpg","contentUrl":"http:\/\/habitatnicaragua.org\/wp-content\/uploads\/2020\/08\/editada-scaled.jpg","width":2560,"height":1207,"caption":"Mozonte, Comunidad El Zapote, NUEVA SEGOVIA, Nicaragua (7 de julio del 2020). Muchas gracias por este apoyo que nos est\u00e1n. Dios no nos desampara porque ahorita, ah\u00ed vamos librita comprada, librita comida, mientras viene la cosecha nueva pero tenemos esperanza porque Dios nos est\u00e1 enviando la bendici\u00f3n (lluvia)\u2026 El a\u00f1o pasado fue de sequ\u00eda y nos toc\u00f3 comprar hasta el ma\u00edz\u201d, nos dijo Mar\u00eda Eulalia (62 a\u00f1os). En el hogar de Mar\u00eda Eulalia habitan 7 personas, la econom\u00eda familiar depende de la agricultura y con la sequ\u00eda y la llegada del Covid-19 est\u00e1n teniendo muchas carencias. Esta familia recibi\u00f3 kits de primera necesidad, higiene y agua segura. La entrega se realiz\u00f3 gracias a la generosidad de la Embajada de Alemania y la Embajada de Luxemburgo en Nicaragua, quienes respondieron al llamado de la campa\u00f1a Apoy\u00e1 una familia #SomosComunidad, para llevar kits a 1500 familias del corredor seco del pa\u00eds. Dariana (7 a\u00f1os) y Axel (10 a\u00f1os) acompa\u00f1an a la abuela a cargar los kits hasta su casa. Proyecto de emergencia del Covid-19 en comunidades del corredor seco del pai\u0301s. Se entregaron kits de primera necesidad, higiene y agua segura. La entrega se realizo\u0301 gracias a la generosidad de la Embajada de Alemania y la Embajada de Luxemburgo en Nicaragua, quienes respondieron al llamado de la campan\u0303a Apoya\u0301 una familia #SomosComunidad, para llevar kits a 1500 familias del corredor seco del pai\u0301s. \u00a9Ha\u0301bitat para la Humanidad \/ Jessly Obando"},{"@type":"BreadcrumbList","@id":"http:\/\/habitatnicaragua.org\/en\/reporte-anual\/#breadcrumb","itemListElement":[{"@type":"ListItem","position":1,"name":"Portada","item":"http:\/\/habitatnicaragua.org\/en\/"},{"@type":"ListItem","position":2,"name":"Newsletter"}]},{"@type":"WebSite","@id":"http:\/\/habitatnicaragua.org\/en\/#website","url":"http:\/\/habitatnicaragua.org\/en\/","name":"H\u00e1bitat para la Humanidad Nicaragua","description":"","publisher":{"@id":"http:\/\/habitatnicaragua.org\/en\/#organization"},"potentialAction":[{"@type":"SearchAction","target":{"@type":"EntryPoint","urlTemplate":"http:\/\/habitatnicaragua.org\/en\/?s={search_term_string}"},"query-input":{"@type":"PropertyValueSpecification","valueRequired":true,"valueName":"search_term_string"}}],"inLanguage":"en-US"},{"@type":"Organization","@id":"http:\/\/habitatnicaragua.org\/en\/#organization","name":"H\u00e1bitat para la Humanidad Nicaragua","url":"http:\/\/habitatnicaragua.org\/en\/","logo":{"@type":"ImageObject","inLanguage":"en-US","@id":"http:\/\/habitatnicaragua.org\/en\/#\/schema\/logo\/image\/","url":"https:\/\/habitatnicaragua.org\/wp-content\/uploads\/2016\/07\/photo_large.jpg","contentUrl":"https:\/\/habitatnicaragua.org\/wp-content\/uploads\/2016\/07\/photo_large.jpg","width":160,"height":160,"caption":"H\u00e1bitat para la Humanidad Nicaragua"},"image":{"@id":"http:\/\/habitatnicaragua.org\/en\/#\/schema\/logo\/image\/"}}]}},"rttpg_featured_image_url":{"full":["http:\/\/habitatnicaragua.org\/wp-content\/uploads\/2020\/08\/editada-scaled.jpg",2560,1207,false],"landscape":["http:\/\/habitatnicaragua.org\/wp-content\/uploads\/2020\/08\/editada-scaled.jpg",2560,1207,false],"portraits":["http:\/\/habitatnicaragua.org\/wp-content\/uploads\/2020\/08\/editada-scaled.jpg",2560,1207,false],"thumbnail":["http:\/\/habitatnicaragua.org\/wp-content\/uploads\/2020\/08\/editada-150x150.jpg",150,150,true],"medium":["http:\/\/habitatnicaragua.org\/wp-content\/uploads\/2020\/08\/editada-300x141.jpg",300,141,true],"large":["http:\/\/habitatnicaragua.org\/wp-content\/uploads\/2020\/08\/editada-1024x483.jpg",860,406,true],"1536x1536":["http:\/\/habitatnicaragua.org\/wp-content\/uploads\/2020\/08\/editada-1536x724.jpg",1536,724,true],"2048x2048":["http:\/\/habitatnicaragua.org\/wp-content\/uploads\/2020\/08\/editada-2048x966.jpg",2048,966,true],"small-header":["http:\/\/habitatnicaragua.org\/wp-content\/uploads\/2020\/08\/editada-1800x220.jpg",1800,220,true],"small-event":["http:\/\/habitatnicaragua.org\/wp-content\/uploads\/2020\/08\/editada-100x85.jpg",100,85,true],"medium-event":["http:\/\/habitatnicaragua.org\/wp-content\/uploads\/2020\/08\/editada-270x150.jpg",270,150,true],"large-event":["http:\/\/habitatnicaragua.org\/wp-content\/uploads\/2020\/08\/editada-770x330.jpg",770,330,true],"large-event-2":["http:\/\/habitatnicaragua.org\/wp-content\/uploads\/2020\/08\/editada-540x440.jpg",540,440,true],"document-thumb":["http:\/\/habitatnicaragua.org\/wp-content\/uploads\/2020\/08\/editada-400x189.jpg",400,189,true],"gallery-full":["http:\/\/habitatnicaragua.org\/wp-content\/uploads\/2020\/08\/editada-1660x880.jpg",1660,880,true],"gallery-thumb":["http:\/\/habitatnicaragua.org\/wp-content\/uploads\/2020\/08\/editada-540x330.jpg",540,330,true],"cause-medium":["http:\/\/habitatnicaragua.org\/wp-content\/uploads\/2020\/08\/editada-900x525.jpg",900,525,true],"staff-home":["http:\/\/habitatnicaragua.org\/wp-content\/uploads\/2020\/08\/editada-292x248.jpg",292,248,true],"woocommerce_thumbnail":["http:\/\/habitatnicaragua.org\/wp-content\/uploads\/2020\/08\/editada-300x300.jpg",300,300,true],"woocommerce_single":["http:\/\/habitatnicaragua.org\/wp-content\/uploads\/2020\/08\/editada-600x283.jpg",600,283,true],"woocommerce_gallery_thumbnail":["http:\/\/habitatnicaragua.org\/wp-content\/uploads\/2020\/08\/editada-100x100.jpg",100,100,true]},"rttpg_author":{"display_name":"Jessly Obando","author_link":"http:\/\/habitatnicaragua.org\/en\/author\/jessly\/"},"rttpg_comment":0,"rttpg_category":"","rttpg_excerpt":null,"_links":{"self":[{"href":"http:\/\/habitatnicaragua.org\/en\/wp-json\/wp\/v2\/pages\/14687","targetHints":{"allow":["GET"]}}],"collection":[{"href":"http:\/\/habitatnicaragua.org\/en\/wp-json\/wp\/v2\/pages"}],"about":[{"href":"http:\/\/habitatnicaragua.org\/en\/wp-json\/wp\/v2\/types\/page"}],"author":[{"embeddable":true,"href":"http:\/\/habitatnicaragua.org\/en\/wp-json\/wp\/v2\/users\/19"}],"replies":[{"embeddable":true,"href":"http:\/\/habitatnicaragua.org\/en\/wp-json\/wp\/v2\/comments?post=14687"}],"version-history":[{"count":0,"href":"http:\/\/habitatnicaragua.org\/en\/wp-json\/wp\/v2\/pages\/14687\/revisions"}],"wp:featuredmedia":[{"embeddable":true,"href":"http:\/\/habitatnicaragua.org\/en\/wp-json\/wp\/v2\/media\/14349"}],"wp:attachment":[{"href":"http:\/\/habitatnicaragua.org\/en\/wp-json\/wp\/v2\/media?parent=14687"}],"curies":[{"name":"wp","href":"https:\/\/api.w.org\/{rel}","templated":true}]}}